{"id":6380,"date":"2023-10-26T12:59:42","date_gmt":"2023-10-26T12:59:42","guid":{"rendered":"http:\/\/refsanglobal.com\/?page_id=6380"},"modified":"2024-08-05T07:25:27","modified_gmt":"2024-08-05T07:25:27","slug":"endustriyel-makineler","status":"publish","type":"page","link":"https:\/\/refsanglobal.com\/en\/endustriyel-makineler\/","title":{"rendered":"Industrial Machines"},"content":{"rendered":"<p><\/p>\n\n\n\n<div class=\"wp-block-columns alignfull has-ast-global-color-8-background-color has-background is-layout-flex wp-container-core-columns-is-layout-28f84493 wp-block-columns-is-layout-flex\">\n<div class=\"wp-block-column is-vertically-aligned-center is-layout-flow wp-block-column-is-layout-flow\">\n<div class=\"wp-block-uagb-advanced-heading uagb-block-5c60c8a3\"><h2 class=\"uagb-heading-text\"><strong>INDUSTRIAL MACHINES<\/strong><\/h2><\/div>\n\n\n\n<p class=\"has-text-align-left\" style=\"font-size:18px\">Refsan develops and manufactures machines and equipment suitable for the ceramic, porcelain and glass industry. It is proud of being a pioneer and innovator in the sector with its R&amp;D studies.<\/p>\n\n\n\n<div class=\"wp-block-buttons is-layout-flex wp-block-buttons-is-layout-flex\"><\/div>\n<\/div>\n\n\n\n<div class=\"wp-block-column is-vertically-aligned-center is-layout-flow wp-block-column-is-layout-flow\">\n<figure class=\"wp-block-image size-full\"><img fetchpriority=\"high\" decoding=\"async\" width=\"760\" height=\"413\" src=\"https:\/\/refsanglobal.com\/wp-content\/uploads\/2023\/09\/Baaasaaaaasddqliksiz-1.webp\" alt=\"\" class=\"wp-image-4335\" srcset=\"https:\/\/refsanglobal.com\/wp-content\/uploads\/2023\/09\/Baaasaaaaasddqliksiz-1.webp 760w, https:\/\/refsanglobal.com\/wp-content\/uploads\/2023\/09\/Baaasaaaaasddqliksiz-1-300x163.webp 300w, https:\/\/refsanglobal.com\/wp-content\/uploads\/2023\/09\/Baaasaaaaasddqliksiz-1-600x326.webp 600w\" sizes=\"(max-width: 760px) 100vw, 760px\" \/><\/figure>\n<\/div>\n<\/div>\n\n\n\n<div class=\"wp-block-columns alignfull has-ast-global-color-5-background-color has-background is-layout-flex wp-container-core-columns-is-layout-28f84493 wp-block-columns-is-layout-flex\">\n<div class=\"wp-block-column is-vertically-aligned-center is-layout-flow wp-block-column-is-layout-flow\">\n<div class=\"wp-block-uagb-advanced-heading uagb-block-1dce05a8\"><p class=\"uagb-desc-text\">We carefully adapt our constantly developing technologies to our machines according to the needs of the sector.<br>With our huge machine sizes or compact designs, we are able to meet all the requirements of the sector.<br>We are the most comprehensive business partner of both large mass production companies and artists who start this business as a hobby and want to grow themselves with the products we produce.<\/p><\/div>\n<\/div>\n<\/div>\n\n\n\n<div class=\"wp-block-uagb-container uagb-block-6a48e09b alignfull uagb-is-root-container\"><div class=\"uagb-container-inner-blocks-wrap\">\n<div class=\"wp-block-uagb-container uagb-block-0cdfa8bf\">\n<div class=\"wp-block-uagb-restaurant-menu uagb-block-1ea89603 uagb-rm__desk-column-2 uagb-rm__tablet-column-2 uagb-rm__mobile-column-1\">\n<div class=\"wp-block-uagb-restaurant-menu-child uagb-rest_menu__wrap\"><div class=\"uagb-rm__content\"><img loading=\"lazy\" decoding=\"async\" class=\"\" src=\"https:\/\/refsanglobal.com\/wp-content\/uploads\/2023\/08\/Basliksiz-1-4.webp\" alt=\"\" width=\"400\" height=\"400\"\/><div class=\"uagb-rm-details\"><h3 class=\"uagb-rm__title\">RAM PRESS<\/h3><div class=\"uagb-rm__desc\"><strong>\u2022<\/strong> Ability to adjust 1\/10 of a millimetre sensitivity<br><strong>\u2022<\/strong> Produced for manual and semi-automatic use<br><strong>\u2022<\/strong> Average 900 Prints \/ Shift<br><strong>\u2022<\/strong> Serial production automation<br><strong>\u2022<\/strong> RAM 46 and RAM 60 different power options<br><\/div><\/div><span class=\"uagb-rm__price\">\u3164<\/span><\/div><div class=\"uagb-rm__separator\"><\/div><\/div>\n\n\n\n<div class=\"wp-block-uagb-restaurant-menu-child uagb-rest_menu__wrap\"><div class=\"uagb-rm__content\"><img loading=\"lazy\" decoding=\"async\" class=\"\" src=\"https:\/\/refsanglobal.com\/wp-content\/uploads\/2023\/08\/Basliksiz-1.jpg\" alt=\"\" width=\"400\" height=\"400\"\/><div class=\"uagb-rm-details\"><h3 class=\"uagb-rm__title\">FILTER PRESSES<\/h3><div class=\"uagb-rm__desc\"><br><strong>\u2022<\/strong>Plate type : Chamber type<br><strong>\u2022<\/strong> Plate material : Polypropylene\u00a0<br><strong>\u2022<\/strong> Optionally open or closed discharge<br><strong>\u2022<\/strong> Pump Body Materials: Aluminium, Cast Iron, Stainless Steel (316)<br><strong>\u2022<\/strong> Filter arms : St-52 carbon steel + AISI-304 stainless steel coated<\/div><\/div><span class=\"uagb-rm__price\">\u3164<\/span><\/div><div class=\"uagb-rm__separator\"><\/div><\/div>\n<\/div>\n<\/div>\n<\/div><\/div>\n\n\n\n<div class=\"wp-block-uagb-container uagb-block-5c986b1a alignfull uagb-is-root-container\"><div class=\"uagb-container-inner-blocks-wrap\">\n<div class=\"wp-block-uagb-container uagb-block-809bdb94\">\n<div class=\"wp-block-uagb-restaurant-menu uagb-block-b5d33c9a uagb-rm__desk-column-2 uagb-rm__tablet-column-2 uagb-rm__mobile-column-1\">\n<div class=\"wp-block-uagb-restaurant-menu-child uagb-rest_menu__wrap\"><div class=\"uagb-rm__content\"><span class=\"uagb-rm__price\">\u3164<\/span><div class=\"uagb-rm-details\"><h3 class=\"uagb-rm__title\">PUGMILL MACHINES<\/h3><div class=\"uagb-rm__desc\"><br><strong>\u2022<\/strong> Stainless steel inner bowl<br><strong>\u2022<\/strong> Stainless Steel Screw<br><strong>\u2022<\/strong> 80mm, 110mm, 150mm, 200mm Output Diameter Option<\/div><\/div><img loading=\"lazy\" decoding=\"async\" class=\"\" src=\"https:\/\/refsanglobal.com\/wp-content\/uploads\/2023\/08\/1-1.jpg\" alt=\"\" width=\"400\" height=\"400\"\/><\/div><div class=\"uagb-rm__separator\"><\/div><\/div>\n\n\n\n<div class=\"wp-block-uagb-restaurant-menu-child uagb-rest_menu__wrap\"><div class=\"uagb-rm__content\"><span class=\"uagb-rm__price\">\u3164<\/span><div class=\"uagb-rm-details\"><h3 class=\"uagb-rm__title\">JIGGER&amp;JOLLEY MACHINES<\/h3><div class=\"uagb-rm__desc\"><br><strong>\u2022<\/strong> With and without puller <br><strong>\u2022<\/strong> Up and Down Movement Bearing System: <br>Linear guideway<br><strong>\u2022<\/strong> Formwork Bottom Plaster Mould Bearing Material : Polyamide - Aluminium<br><strong>\u2022<\/strong> Operation System: Manual - semi-automatic - automatic<\/div><\/div><img loading=\"lazy\" decoding=\"async\" class=\"\" src=\"https:\/\/refsanglobal.com\/wp-content\/uploads\/2023\/08\/3.jpg\" alt=\"\" width=\"400\" height=\"400\"\/><\/div><div class=\"uagb-rm__separator\"><\/div><\/div>\n<\/div>\n<\/div>\n<\/div><\/div>\n\n\n\n<div class=\"wp-block-uagb-container uagb-block-6be6590e alignfull uagb-is-root-container\"><div class=\"uagb-container-inner-blocks-wrap\">\n<div class=\"wp-block-uagb-container uagb-block-84a5eda6\">\n<div class=\"wp-block-uagb-restaurant-menu uagb-block-c0932fc8 uagb-rm__desk-column-2 uagb-rm__tablet-column-2 uagb-rm__mobile-column-1\">\n<div class=\"wp-block-uagb-restaurant-menu-child uagb-rest_menu__wrap\"><div class=\"uagb-rm__content\"><img loading=\"lazy\" decoding=\"async\" class=\"\" src=\"https:\/\/refsanglobal.com\/wp-content\/uploads\/2023\/08\/2.jpg\" alt=\"\" width=\"400\" height=\"400\"\/><div class=\"uagb-rm-details\"><h3 class=\"uagb-rm__title\">MILLS<\/h3><div class=\"uagb-rm__desc\"><strong>\u2022<\/strong> 92% Alumina Stone Body<br><strong>\u2022<\/strong> Digital Time and Lap Counter<br><strong>\u2022<\/strong> Resume from where it left off in power outages<br><strong>\u2022<\/strong> Gearmotor<\/div><\/div><span class=\"uagb-rm__price\">\u3164<\/span><\/div><div class=\"uagb-rm__separator\"><\/div><\/div>\n\n\n\n<div class=\"wp-block-uagb-restaurant-menu-child uagb-rest_menu__wrap\"><div class=\"uagb-rm__content\"><img loading=\"lazy\" decoding=\"async\" class=\"\" src=\"https:\/\/refsanglobal.com\/wp-content\/uploads\/2023\/09\/1211a2.webp\" alt=\"\" width=\"400\" height=\"400\"\/><div class=\"uagb-rm-details\"><h3 class=\"uagb-rm__title\">MIXERS<\/h3><div class=\"uagb-rm__desc\"><br><strong>\u2022<\/strong> Stainless steel mixer shaft<br><strong>\u2022<\/strong> Wheeled, portable<br><strong>\u2022<\/strong> Casting Clay, Glaze, Plaster, Fine mortar, plaster coating, joint filler etc. materials can be mixed.<br><strong>\u2022<\/strong> Optional boiler possibility<br><strong>\u2022<\/strong> Mixer speed adjustment<\/div><\/div><span class=\"uagb-rm__price\">\u3164<\/span><\/div><div class=\"uagb-rm__separator\"><\/div><\/div>\n<\/div>\n<\/div>\n<\/div><\/div>\n\n\n\n<div class=\"wp-block-uagb-container uagb-block-fc916bd8 alignfull uagb-is-root-container\"><div class=\"uagb-container-inner-blocks-wrap\">\n<div class=\"wp-block-uagb-container uagb-block-cab73605\">\n<div class=\"wp-block-uagb-restaurant-menu uagb-block-5b5171ad uagb-rm__desk-column-2 uagb-rm__tablet-column-2 uagb-rm__mobile-column-1\">\n<div class=\"wp-block-uagb-restaurant-menu-child uagb-rest_menu__wrap\"><div class=\"uagb-rm__content\"><span class=\"uagb-rm__price\">\u3164<\/span><div class=\"uagb-rm-details\"><h3 class=\"uagb-rm__title\">KUMLAMA KAB\u0130NLER\u0130<\/h3><div class=\"uagb-rm__desc\"><br><strong>\u2022<\/strong> Electric Panel : Motor protection, earthing, switching on - off <br><strong>\u2022<\/strong> Shot blasting gun with hardened steel body<br><strong>\u2022<\/strong> Regulator with filter : Oil and water retention feature that adjusts the sandblasting pressure<br><strong>\u2022<\/strong> Safety Package : Door safety latches, Air safety valve, Main switch<br><\/div><\/div><img loading=\"lazy\" decoding=\"async\" class=\"\" src=\"https:\/\/refsanglobal.com\/wp-content\/uploads\/2023\/09\/Basladsadasdasdiksiz-2.webp\" alt=\"\" width=\"400\" height=\"400\"\/><\/div><div class=\"uagb-rm__separator\"><\/div><\/div>\n\n\n\n<div class=\"wp-block-uagb-restaurant-menu-child uagb-rest_menu__wrap\"><div class=\"uagb-rm__content\"><span class=\"uagb-rm__price\">\u3164<\/span><div class=\"uagb-rm-details\"><h3 class=\"uagb-rm__title\">SCREEN PRINTING &amp; EXPOSURE MACHINES<\/h3><div class=\"uagb-rm__desc\"><strong>\u2022<\/strong> Powerful Vacuum feature<br><strong>\u2022<\/strong> Special, very flexible and robust imported seamless vacuum rubber profile with sealing rubber profile<br><strong>\u2022<\/strong> 10 Programme Panel<br><strong>\u2022<\/strong> Automatic Exposure<br><strong>\u2022<\/strong> Process Result Warning Alarm<br><\/div><\/div><img loading=\"lazy\" decoding=\"async\" class=\"\" src=\"https:\/\/refsanglobal.com\/wp-content\/uploads\/2023\/09\/asdasdasdasd12312.webp\" alt=\"\" width=\"400\" height=\"400\"\/><\/div><div class=\"uagb-rm__separator\"><\/div><\/div>\n<\/div>\n<\/div>\n<\/div><\/div>\n\n\n\n<div class=\"wp-block-uagb-container uagb-block-e0b15cf1 alignfull uagb-is-root-container\"><div class=\"uagb-container-inner-blocks-wrap\">\n<div class=\"wp-block-uagb-container uagb-block-7f5edd9c\">\n<div class=\"wp-block-uagb-restaurant-menu uagb-block-0e0799c1 uagb-rm__desk-column-2 uagb-rm__tablet-column-2 uagb-rm__mobile-column-1 uag-hide-desktop uag-hide-tab uag-hide-mob\">\n<div class=\"wp-block-uagb-restaurant-menu-child uagb-rest_menu__wrap\"><div class=\"uagb-rm__content\"><img loading=\"lazy\" decoding=\"async\" class=\"\" src=\"https:\/\/refsanglobal.com\/wp-content\/uploads\/2023\/09\/B123111asliksiz-2.webp\" alt=\"\" width=\"400\" height=\"400\"\/><div class=\"uagb-rm-details\"><h3 class=\"uagb-rm__title\">SIRLAMA MAK\u0130NELER\u0130<\/h3><div class=\"uagb-rm__desc\"><strong>\u2022<\/strong> Lorem ipLorem Ipsum\u00a0is simply<br><strong>\u2022<\/strong> Lorem ipLorem Ipsum\u00a0is simply<br><strong>\u2022<\/strong> Lorem ipLorem Ipsum\u00a0is simplyLorem ipLorem Ipsum\u00a0is simply<br><strong>\u2022<\/strong> Lorem ipLorem Ipsum\u00a0is simplyLorem ipLorem Ipsum\u00a0is simply<\/div><\/div><span class=\"uagb-rm__price\">\u3164<\/span><\/div><div class=\"uagb-rm__separator\"><\/div><\/div>\n\n\n\n<div class=\"wp-block-uagb-restaurant-menu-child uagb-rest_menu__wrap\"><div class=\"uagb-rm__content\"><img loading=\"lazy\" decoding=\"async\" class=\"\" src=\"https:\/\/refsanglobal.com\/wp-content\/uploads\/2023\/09\/111121112.webp\" alt=\"\" width=\"400\" height=\"400\"\/><div class=\"uagb-rm-details\"><h3 class=\"uagb-rm__title\">\u00c7\u00d6MLEK\u00c7\u0130 TORNALARI<\/h3><div class=\"uagb-rm__desc\"><strong>\u2022<\/strong> Lorem ipLorem Ipsum\u00a0is simply<br><strong>\u2022<\/strong> Lorem ipLorem Ipsum\u00a0is simply<br><strong>\u2022<\/strong> Lorem ipLorem Ipsum\u00a0is simplyLorem ipLorem Ipsum\u00a0is simply<br><strong>\u2022<\/strong> Lorem ipLorem Ipsum\u00a0is simplyLorem ipLorem Ipsum\u00a0is simply<\/div><\/div><span class=\"uagb-rm__price\">\u3164<\/span><\/div><div class=\"uagb-rm__separator\"><\/div><\/div>\n<\/div>\n<\/div>\n<\/div><\/div>\n\n\n\n<div class=\"wp-block-uagb-separator uagb-block-b4d42656\"><div class=\"wp-block-uagb-separator__inner\" style=\"--my-background-image:\"><\/div><\/div>\n\n\n\n<div class=\"wp-block-uagb-separator uagb-block-2ff622b6\"><div class=\"wp-block-uagb-separator__inner\" style=\"--my-background-image:\"><\/div><\/div>\n\n\n\n<div class=\"wp-block-uagb-call-to-action uagb-block-25bb4d0c wp-block-button\"><div class=\"uagb-cta__wrap\"><h4 class=\"uagb-cta__title\">Contact us for more of our standard products!<\/h4><p class=\"uagb-cta__desc\">We design and manufacture customised heat treatment solutions for complex production processes.<\/p><\/div><div class=\"uagb-cta__buttons\"><a href=\"\/en\/iletisim\/\" class=\"uagb-cta__button-link-wrapper wp-block-button__link\" target=\"_self\" rel=\"noopener noreferrer\">CONTACT US<svg xmlns=\"https:\/\/www.w3.org\/2000\/svg\" viewbox=\"0 0 512 512\"><path d=\"M504.3 273.6l-112.1 104c-6.992 6.484-17.18 8.218-25.94 4.406c-8.758-3.812-14.42-12.45-14.42-21.1L351.9 288H32C14.33 288 .0002 273.7 .0002 255.1S14.33 224 32 224h319.9l0-72c0-9.547 5.66-18.19 14.42-22c8.754-3.809 18.95-2.075 25.94 4.41l112.1 104C514.6 247.9 514.6 264.1 504.3 273.6z\"><\/path><\/svg><\/a><\/div><\/div>\n\n\n\n<div class=\"wp-block-uagb-separator uagb-block-61d6162b\"><div class=\"wp-block-uagb-separator__inner\" style=\"--my-background-image:\"><\/div><\/div>\n\n\n\n<div class=\"wp-block-uagb-separator uagb-block-fc257a2f\"><div class=\"wp-block-uagb-separator__inner\" style=\"--my-background-image:\"><\/div><\/div>","protected":false},"excerpt":{"rendered":"<p>END\u00dcSTR\u0130YEL MAK\u0130NELER Refsan, seramik, porselen ve cam sekt\u00f6r\u00fcne uygun makineler ve ekipmanlar geli\u015ftirip \u00fcretmektedir. Yap\u0131lan ar-ge \u00e7al\u0131\u015fmalar\u0131 ile birlikte sekt\u00f6rde \u00f6nc\u00fc ve yenilik\u00e7i olman\u0131n gururunu ya\u015famaktad\u0131r. Sekt\u00f6r\u00fcn ihtiya\u00e7lar\u0131na g\u00f6re s\u00fcrekli geli\u015fen teknolojilerimizi makinelerimize \u00f6zenle uyarl\u0131yoruz.Devasa makine boyutlar\u0131m\u0131z veya kompakt tasar\u0131mlar\u0131m\u0131z ile sekt\u00f6r\u00fcn t\u00fcm gerekliliklerine cevap verebilmekteyiz.Piyasadaki seri \u00fcretim yapan b\u00fcy\u00fck firmalar\u0131n da, hobi olarak bu [&hellip;]<\/p>\n","protected":false},"author":2,"featured_media":0,"parent":0,"menu_order":0,"comment_status":"closed","ping_status":"closed","template":"","meta":{"_eb_attr":"","_uag_custom_page_level_css":"","site-sidebar-layout":"default","site-content-layout":"","ast-site-content-layout":"default","site-content-style":"default","site-sidebar-style":"default","ast-global-header-display":"","ast-banner-title-visibility":"","ast-main-header-display":"","ast-hfb-above-header-display":"","ast-hfb-below-header-display":"","ast-hfb-mobile-header-display":"","site-post-title":"disabled","ast-breadcrumbs-content":"","ast-featured-img":"","footer-sml-layout":"","theme-transparent-header-meta":"","adv-header-id-meta":"","stick-header-meta":"","header-above-stick-meta":"","header-main-stick-meta":"","header-below-stick-meta":"","astra-migrate-meta-layouts":"set","ast-page-background-enabled":"default","ast-page-background-meta":{"desktop":{"background-color":"","background-image":"","background-repeat":"repeat","background-position":"center center","background-size":"auto","background-attachment":"scroll","background-type":"","background-media":"","overlay-type":"","overlay-color":"","overlay-opacity":"","overlay-gradient":""},"tablet":{"background-color":"","background-image":"","background-repeat":"repeat","background-position":"center center","background-size":"auto","background-attachment":"scroll","background-type":"","background-media":"","overlay-type":"","overlay-color":"","overlay-opacity":"","overlay-gradient":""},"mobile":{"background-color":"","background-image":"","background-repeat":"repeat","background-position":"center center","background-size":"auto","background-attachment":"scroll","background-type":"","background-media":"","overlay-type":"","overlay-color":"","overlay-opacity":"","overlay-gradient":""}},"ast-content-background-meta":{"desktop":{"background-color":"var(--ast-global-color-5)","background-image":"","background-repeat":"repeat","background-position":"center center","background-size":"auto","background-attachment":"scroll","background-type":"","background-media":"","overlay-type":"","overlay-color":"","overlay-opacity":"","overlay-gradient":""},"tablet":{"background-color":"var(--ast-global-color-5)","background-image":"","background-repeat":"repeat","background-position":"center center","background-size":"auto","background-attachment":"scroll","background-type":"","background-media":"","overlay-type":"","overlay-color":"","overlay-opacity":"","overlay-gradient":""},"mobile":{"background-color":"var(--ast-global-color-5)","background-image":"","background-repeat":"repeat","background-position":"center center","background-size":"auto","background-attachment":"scroll","background-type":"","background-media":"","overlay-type":"","overlay-color":"","overlay-opacity":"","overlay-gradient":""}},"footnotes":""},"class_list":["post-6380","page","type-page","status-publish","hentry"],"uagb_featured_image_src":{"full":false,"thumbnail":false,"medium":false,"medium_large":false,"large":false,"1536x1536":false,"2048x2048":false,"trp-custom-language-flag":false,"woocommerce_thumbnail":false,"woocommerce_single":false,"woocommerce_gallery_thumbnail":false},"uagb_author_info":{"display_name":"G\u00fcney S\u00fcr\u00fcc\u00fco\u011flu","author_link":"https:\/\/refsanglobal.com\/en\/author\/guney\/"},"uagb_comment_info":0,"uagb_excerpt":"END\u00dcSTR\u0130YEL MAK\u0130NELER Refsan, seramik, porselen ve cam sekt\u00f6r\u00fcne uygun makineler ve ekipmanlar geli\u015ftirip \u00fcretmektedir. Yap\u0131lan ar-ge \u00e7al\u0131\u015fmalar\u0131 ile birlikte sekt\u00f6rde \u00f6nc\u00fc ve yenilik\u00e7i olman\u0131n gururunu ya\u015famaktad\u0131r. Sekt\u00f6r\u00fcn ihtiya\u00e7lar\u0131na g\u00f6re s\u00fcrekli geli\u015fen teknolojilerimizi makinelerimize \u00f6zenle uyarl\u0131yoruz.Devasa makine boyutlar\u0131m\u0131z veya kompakt tasar\u0131mlar\u0131m\u0131z ile sekt\u00f6r\u00fcn t\u00fcm gerekliliklerine cevap verebilmekteyiz.Piyasadaki seri \u00fcretim yapan b\u00fcy\u00fck firmalar\u0131n da, hobi olarak bu&hellip;","_links":{"self":[{"href":"https:\/\/refsanglobal.com\/en\/wp-json\/wp\/v2\/pages\/6380","targetHints":{"allow":["GET"]}}],"collection":[{"href":"https:\/\/refsanglobal.com\/en\/wp-json\/wp\/v2\/pages"}],"about":[{"href":"https:\/\/refsanglobal.com\/en\/wp-json\/wp\/v2\/types\/page"}],"author":[{"embeddable":true,"href":"https:\/\/refsanglobal.com\/en\/wp-json\/wp\/v2\/users\/2"}],"replies":[{"embeddable":true,"href":"https:\/\/refsanglobal.com\/en\/wp-json\/wp\/v2\/comments?post=6380"}],"version-history":[{"count":5,"href":"https:\/\/refsanglobal.com\/en\/wp-json\/wp\/v2\/pages\/6380\/revisions"}],"predecessor-version":[{"id":8967,"href":"https:\/\/refsanglobal.com\/en\/wp-json\/wp\/v2\/pages\/6380\/revisions\/8967"}],"wp:attachment":[{"href":"https:\/\/refsanglobal.com\/en\/wp-json\/wp\/v2\/media?parent=6380"}],"curies":[{"name":"wp","href":"https:\/\/api.w.org\/{rel}","templated":true}]}}