{"id":6967,"date":"2023-11-13T11:32:07","date_gmt":"2023-11-13T11:32:07","guid":{"rendered":"http:\/\/refsanglobal.com\/?page_id=6967"},"modified":"2024-01-10T15:16:52","modified_gmt":"2024-01-10T15:16:52","slug":"camur-isleme-makineleri","status":"publish","type":"page","link":"https:\/\/refsanglobal.com\/en\/endustriyel-makineler\/camur-isleme-makineleri\/","title":{"rendered":"Pugmill Machines"},"content":{"rendered":"<div class=\"wp-block-uagb-container uagb-block-b9b0fedc alignfull uagb-is-root-container\"><div class=\"uagb-container-inner-blocks-wrap\">\n<div class=\"wp-block-uagb-container uagb-block-cf730d8f\">\n<div class=\"wp-block-columns alignfull has-background is-layout-flex wp-container-core-columns-is-layout-28f84493 wp-block-columns-is-layout-flex\" style=\"background-color:#f9f9f9\">\n<div class=\"wp-block-column is-vertically-aligned-center is-layout-flow wp-block-column-is-layout-flow\" style=\"padding-top:var(--wp--preset--spacing--30);padding-right:var(--wp--preset--spacing--30);padding-bottom:var(--wp--preset--spacing--30);padding-left:var(--wp--preset--spacing--30);flex-basis:500px\">\n<div class=\"wp-block-uagb-advanced-heading uagb-block-91a91ba9\"><h1 class=\"uagb-heading-text\"><strong>PUGMILL MACHINES<\/strong><\/h1><\/div>\n\n\n\n<div class=\"wp-block-uagb-separator uagb-block-7b2522b6 uag-hide-tab uag-hide-mob\"><div class=\"wp-block-uagb-separator__inner\" style=\"--my-background-image:\"><\/div><\/div>\n\n\n\n<div class=\"wp-block-uagb-advanced-heading uagb-block-984cc6dd\"><h2 class=\"uagb-heading-text\"> Empower your mass production with the most efficient and durable MUD PROCESSING MACHINES!<\/h2><\/div>\n\n\n\n<div class=\"wp-block-uagb-separator uagb-block-5898b345 uag-hide-tab uag-hide-mob\"><div class=\"wp-block-uagb-separator__inner\" style=\"--my-background-image:\"><\/div><\/div>\n\n\n\n<p>We produce sludge processing machines up to 6000 kg sludge processing capacity per hour with corrosion and abrasion resistant stainless, compact design low noise operation.<\/p>\n\n\n\n<div class=\"wp-block-essential-blocks-button\"><div class=\"eb-parent-wrapper eb-parent-eb-button-h5gpx75\"><div class=\"eb-button-wrapper eb-button-alignment eb-button-h5gpx75\"><div class=\"eb-button\"><a class=\"eb-button-anchor\" href=\"\/en\/teklif-al\/\" target=\"_blank\" rel=\"noopener\">GET AN OFFER FOR PUGMILL MACHINES<\/a><\/div><\/div><\/div><\/div>\n<\/div>\n\n\n\n<div class=\"wp-block-column is-vertically-aligned-center is-layout-flow wp-block-column-is-layout-flow\">\n<figure class=\"wp-block-image size-full is-resized\"><img fetchpriority=\"high\" decoding=\"async\" width=\"931\" height=\"524\" src=\"https:\/\/refsanglobal.com\/wp-content\/uploads\/2023\/11\/12313123123121231.webp\" alt=\"\" class=\"wp-image-7025\" style=\"aspect-ratio:1.7767175572519085;object-fit:contain;width:1057px;height:auto\" srcset=\"https:\/\/refsanglobal.com\/wp-content\/uploads\/2023\/11\/12313123123121231.webp 931w, https:\/\/refsanglobal.com\/wp-content\/uploads\/2023\/11\/12313123123121231-300x169.webp 300w, https:\/\/refsanglobal.com\/wp-content\/uploads\/2023\/11\/12313123123121231-768x432.webp 768w, https:\/\/refsanglobal.com\/wp-content\/uploads\/2023\/11\/12313123123121231-600x338.webp 600w\" sizes=\"(max-width: 931px) 100vw, 931px\" \/><\/figure>\n<\/div>\n<\/div>\n<\/div>\n<\/div><\/div>\n\n\n\n<div class=\"wp-block-essential-blocks-advanced-tabs alignwide\"><div class=\"eb-parent-wrapper eb-parent-eb-advanced-tabs-muuimaf\"><div class=\"eb-advanced-tabs-muuimaf eb-advanced-tabs-wrapper horizontal\"><div class=\"eb-tabs-nav\"><ul class=\"tabTitles\" data-tabs-ul-id=\"eb-advanced-tabs-muuimaf\"><li data-title-tab-id=\"1\" data-title-custom-id=\"\" class=\"active\"><span class=\"tabIcon fas fa-angle-right\"><\/span><h6 class=\"tab-title-text\">PUGMILL MACHINES<\/h6><\/li><\/ul><\/div><div class=\"eb-tabs-contents\">\n<div class=\"eb-tab-wrapper\" data-tab-id=\"1\" data-tab-parent-id=\"eb-advanced-tabs-muuimaf\"><div class=\"eb-tab-inner\">\n<div class=\"wp-block-uagb-separator uagb-block-a19b599f\"><div class=\"wp-block-uagb-separator__inner\" style=\"--my-background-image:\"><\/div><\/div>\n\n\n\n<div class=\"wp-block-uagb-advanced-heading uagb-block-0bc8439c\"><h3 class=\"uagb-heading-text\">PUGMILL MACHINES (VACUUM)<\/h3><\/div>\n\n\n\n<div class=\"wp-block-columns is-layout-flex wp-container-core-columns-is-layout-28f84493 wp-block-columns-is-layout-flex\">\n<div class=\"wp-block-column is-layout-flow wp-block-column-is-layout-flow\" style=\"padding-top:var(--wp--preset--spacing--30);padding-bottom:var(--wp--preset--spacing--30);flex-basis:50%\">\n<figure class=\"wp-block-image size-large is-resized\"><img decoding=\"async\" width=\"1024\" height=\"691\" src=\"https:\/\/refsanglobal.com\/wp-content\/uploads\/2023\/12\/camur-isleme-1024x691.jpg\" alt=\"\" class=\"wp-image-8185\" style=\"aspect-ratio:1.7777777777777777;object-fit:contain;width:633px;height:auto\" srcset=\"https:\/\/refsanglobal.com\/wp-content\/uploads\/2023\/12\/camur-isleme-1024x691.jpg 1024w, https:\/\/refsanglobal.com\/wp-content\/uploads\/2023\/12\/camur-isleme-300x202.jpg 300w, https:\/\/refsanglobal.com\/wp-content\/uploads\/2023\/12\/camur-isleme-768x518.jpg 768w, https:\/\/refsanglobal.com\/wp-content\/uploads\/2023\/12\/camur-isleme-600x405.jpg 600w, https:\/\/refsanglobal.com\/wp-content\/uploads\/2023\/12\/camur-isleme.jpg 1199w\" sizes=\"(max-width: 1024px) 100vw, 1024px\" \/><\/figure>\n<\/div>\n\n\n\n<div class=\"wp-block-column is-layout-flow wp-block-column-is-layout-flow\" style=\"padding-top:var(--wp--preset--spacing--20);padding-right:var(--wp--preset--spacing--20);padding-bottom:var(--wp--preset--spacing--20);padding-left:var(--wp--preset--spacing--20);flex-basis:50%\">\n<div class=\"wp-block-uagb-separator uagb-block-87619649 uag-hide-tab uag-hide-mob\"><div class=\"wp-block-uagb-separator__inner\" style=\"--my-background-image:\"><\/div><\/div>\n\n\n\n<p style=\"font-size:18px\">One of the most efficient and competitive standard vacuum sludge processing machines, our machines are powered by separate motors for each auger, increasing vacuum quality and processing speed. Available in different sizes for 1600 - 6000 kg\/h working volumes.<\/p>\n\n\n\n<p>It can be produced in customized sizes for your production volume.<\/p>\n\n\n\n<div class=\"wp-block-buttons is-layout-flex wp-block-buttons-is-layout-flex\">\n<div class=\"wp-block-button\"><a class=\"wp-block-button__link wp-element-button\" href=\"\/en\/endustriyel-makineler\/camur-isleme-makineleri\/vakumlu-camur-isleme\/\" style=\"border-style:none;border-width:0px;border-radius:0px\" target=\"_blank\" rel=\"noreferrer noopener\">LEARN MORE<\/a><\/div>\n<\/div>\n<\/div>\n<\/div>\n\n\n\n<div class=\"wp-block-uagb-separator uagb-block-5bf753c5\"><div class=\"wp-block-uagb-separator__inner\" style=\"--my-background-image:\"><\/div><\/div>\n\n\n\n<div class=\"wp-block-uagb-advanced-heading uagb-block-0032ebec\"><h3 class=\"uagb-heading-text\">PUGMILL MACHINES (T TYPE)<\/h3><\/div>\n\n\n\n<div class=\"wp-block-columns is-layout-flex wp-container-core-columns-is-layout-28f84493 wp-block-columns-is-layout-flex\">\n<div class=\"wp-block-column is-layout-flow wp-block-column-is-layout-flow\" style=\"padding-top:var(--wp--preset--spacing--30);padding-bottom:var(--wp--preset--spacing--30);flex-basis:50%\">\n<figure class=\"wp-block-image size-full is-resized\"><img decoding=\"async\" width=\"1024\" height=\"705\" src=\"https:\/\/refsanglobal.com\/wp-content\/uploads\/2023\/11\/1-4.webp\" alt=\"\" class=\"wp-image-6970\" style=\"aspect-ratio:1.7777777777777777;object-fit:contain;width:633px;height:auto\" srcset=\"https:\/\/refsanglobal.com\/wp-content\/uploads\/2023\/11\/1-4.webp 1024w, https:\/\/refsanglobal.com\/wp-content\/uploads\/2023\/11\/1-4-300x207.webp 300w, https:\/\/refsanglobal.com\/wp-content\/uploads\/2023\/11\/1-4-768x529.webp 768w, https:\/\/refsanglobal.com\/wp-content\/uploads\/2023\/11\/1-4-600x413.webp 600w\" sizes=\"(max-width: 1024px) 100vw, 1024px\" \/><\/figure>\n<\/div>\n\n\n\n<div class=\"wp-block-column is-layout-flow wp-block-column-is-layout-flow\" style=\"padding-top:var(--wp--preset--spacing--20);padding-right:var(--wp--preset--spacing--20);padding-bottom:var(--wp--preset--spacing--20);padding-left:var(--wp--preset--spacing--20);flex-basis:50%\">\n<div class=\"wp-block-uagb-separator uagb-block-d6a120dd uag-hide-tab uag-hide-mob\"><div class=\"wp-block-uagb-separator__inner\" style=\"--my-background-image:\"><\/div><\/div>\n\n\n\n<p style=\"font-size:18px\">It enables faster and higher quality sludge processing.<\/p>\n\n\n\n<p style=\"font-size:18px\">T-type vacuum sludge processors have a larger vacuum chamber and a more powerful vacuum pump, allowing for maximum airlessness and fast production.<\/p>\n\n\n\n<p style=\"font-size:18px\">In the same time as T-type vacuum sludge processing machines&nbsp;<strong>60% more<\/strong>&nbsp;can process more mud.<\/p>\n\n\n\n<div class=\"wp-block-buttons is-layout-flex wp-block-buttons-is-layout-flex\">\n<div class=\"wp-block-button\"><a class=\"wp-block-button__link wp-element-button\" href=\"\/en\/endustriyel-makineler\/camur-isleme-makineleri\/t-tipi-camur-isleme\/\" style=\"border-style:none;border-width:0px;border-radius:0px\" target=\"_blank\" rel=\"noreferrer noopener\">LEARN MORE<\/a><\/div>\n<\/div>\n<\/div>\n<\/div>\n\n\n\n<div class=\"wp-block-uagb-separator uagb-block-0881ac69\"><div class=\"wp-block-uagb-separator__inner\" style=\"--my-background-image:\"><\/div><\/div>\n\n\n\n<div class=\"wp-block-uagb-advanced-heading uagb-block-e8a11212\"><h3 class=\"uagb-heading-text\">PUGMILL MACHINES (DESKTOP MODEL)<\/h3><\/div>\n\n\n\n<div class=\"wp-block-columns is-layout-flex wp-container-core-columns-is-layout-28f84493 wp-block-columns-is-layout-flex\">\n<div class=\"wp-block-column is-layout-flow wp-block-column-is-layout-flow\" style=\"padding-top:var(--wp--preset--spacing--30);padding-bottom:var(--wp--preset--spacing--30);flex-basis:50%\">\n<figure class=\"wp-block-image size-full is-resized\"><img loading=\"lazy\" decoding=\"async\" width=\"1024\" height=\"705\" src=\"https:\/\/refsanglobal.com\/wp-content\/uploads\/2023\/11\/22.webp\" alt=\"\" class=\"wp-image-7005\" style=\"aspect-ratio:1.7777777777777777;object-fit:contain;width:633px;height:auto\" srcset=\"https:\/\/refsanglobal.com\/wp-content\/uploads\/2023\/11\/22.webp 1024w, https:\/\/refsanglobal.com\/wp-content\/uploads\/2023\/11\/22-300x207.webp 300w, https:\/\/refsanglobal.com\/wp-content\/uploads\/2023\/11\/22-768x529.webp 768w, https:\/\/refsanglobal.com\/wp-content\/uploads\/2023\/11\/22-600x413.webp 600w\" sizes=\"(max-width: 1024px) 100vw, 1024px\" \/><\/figure>\n<\/div>\n\n\n\n<div class=\"wp-block-column is-layout-flow wp-block-column-is-layout-flow\" style=\"padding-top:var(--wp--preset--spacing--20);padding-right:var(--wp--preset--spacing--20);padding-bottom:var(--wp--preset--spacing--20);padding-left:var(--wp--preset--spacing--20);flex-basis:50%\">\n<div class=\"wp-block-uagb-separator uagb-block-b11ca5b2 uag-hide-tab uag-hide-mob\"><div class=\"wp-block-uagb-separator__inner\" style=\"--my-background-image:\"><\/div><\/div>\n\n\n\n<p style=\"font-size:18px\">With these sludge processing machines, which you can find with and without vacuum, you can achieve the most efficient results in small volume sludge production and processing operations.<\/p>\n\n\n\n<p style=\"font-size:18px\">Achieve professional level ceramic processing!<\/p>\n\n\n\n<div class=\"wp-block-buttons is-layout-flex wp-block-buttons-is-layout-flex\">\n<div class=\"wp-block-button\"><a class=\"wp-block-button__link wp-element-button\" href=\"\/en\/endustriyel-makineler\/camur-isleme-makineleri\/masaustu-camur-isleme\/\" style=\"border-style:none;border-width:0px;border-radius:0px\" target=\"_blank\" rel=\"noreferrer noopener\">LEARN MORE<\/a><\/div>\n<\/div>\n<\/div>\n<\/div>\n\n\n\n<div class=\"wp-block-uagb-separator uagb-block-5e20b4bd\"><div class=\"wp-block-uagb-separator__inner\" style=\"--my-background-image:\"><\/div><\/div>\n\n\n\n<div class=\"wp-block-uagb-advanced-heading uagb-block-824f7b7f\"><h3 class=\"uagb-heading-text\">PUGMILL MACHINES (NIDEC-SHIMPO)<\/h3><\/div>\n\n\n\n<div class=\"wp-block-columns is-layout-flex wp-container-core-columns-is-layout-28f84493 wp-block-columns-is-layout-flex\">\n<div class=\"wp-block-column is-layout-flow wp-block-column-is-layout-flow\" style=\"padding-top:var(--wp--preset--spacing--30);padding-bottom:var(--wp--preset--spacing--30);flex-basis:50%\">\n<figure class=\"wp-block-image size-full is-resized\"><img loading=\"lazy\" decoding=\"async\" width=\"1024\" height=\"705\" src=\"https:\/\/refsanglobal.com\/wp-content\/uploads\/2023\/11\/1231232.webp\" alt=\"\" class=\"wp-image-7009\" style=\"aspect-ratio:1.7777777777777777;object-fit:contain;width:633px;height:auto\" srcset=\"https:\/\/refsanglobal.com\/wp-content\/uploads\/2023\/11\/1231232.webp 1024w, https:\/\/refsanglobal.com\/wp-content\/uploads\/2023\/11\/1231232-300x207.webp 300w, https:\/\/refsanglobal.com\/wp-content\/uploads\/2023\/11\/1231232-768x529.webp 768w, https:\/\/refsanglobal.com\/wp-content\/uploads\/2023\/11\/1231232-600x413.webp 600w\" sizes=\"(max-width: 1024px) 100vw, 1024px\" \/><\/figure>\n<\/div>\n\n\n\n<div class=\"wp-block-column is-layout-flow wp-block-column-is-layout-flow\" style=\"padding-top:var(--wp--preset--spacing--20);padding-right:var(--wp--preset--spacing--20);padding-bottom:var(--wp--preset--spacing--20);padding-left:var(--wp--preset--spacing--20);flex-basis:50%\">\n<div class=\"wp-block-uagb-separator uagb-block-19b34d44 uag-hide-tab uag-hide-mob\"><div class=\"wp-block-uagb-separator__inner\" style=\"--my-background-image:\"><\/div><\/div>\n\n\n\n<p style=\"font-size:18px\">You can find NRA 04, NRA 04S, NVA 04S and NVS 07 mud processing machine models of NIDEC-SHIMPO brand that we are distributor in Turkey.<\/p>\n\n\n\n<p style=\"font-size:18px\">With vacuum and non-vacuum models, NIDEC-SHIMPO has a variety of sludge processing machines to meet all your needs.<\/p>\n\n\n\n<div class=\"wp-block-buttons is-layout-flex wp-block-buttons-is-layout-flex\">\n<div class=\"wp-block-button\"><a class=\"wp-block-button__link wp-element-button\" href=\"\/en\/endustriyel-makineler\/camur-isleme-makineleri\/shimpo-camur-isleme\/\" style=\"border-style:none;border-width:0px;border-radius:0px\" target=\"_blank\" rel=\"noreferrer noopener\">LEARN MORE<\/a><\/div>\n<\/div>\n<\/div>\n<\/div>\n\n\n\n<div class=\"wp-block-uagb-separator uagb-block-c22dd9be\"><div class=\"wp-block-uagb-separator__inner\" style=\"--my-background-image:\"><\/div><\/div>\n<\/div><\/div>\n<\/div><\/div><\/div><\/div>\n\n\n\n<div class=\"wp-block-uagb-container uagb-block-a1f02f42 alignfull uagb-is-root-container\">\n<div class=\"wp-block-uagb-container uagb-block-f4728d9c\">\n<div class=\"wp-block-columns is-layout-flex wp-container-core-columns-is-layout-28f84493 wp-block-columns-is-layout-flex\">\n<div class=\"wp-block-column is-layout-flow wp-block-column-is-layout-flow\">\n<div class=\"wp-block-uagb-advanced-heading uagb-block-a69b8f78\"><h6 class=\"uagb-heading-text\"><strong>REFSAN OFFERS<\/strong><\/h6><\/div>\n<\/div>\n<\/div>\n<\/div>\n\n\n\n<div class=\"wp-block-uagb-separator uagb-block-f683bfc6\"><div class=\"wp-block-uagb-separator__inner\" style=\"--my-background-image:\"><\/div><\/div>\n\n\n\n<div class=\"wp-block-uagb-container uagb-block-a974b730\">\n<div class=\"wp-block-columns is-layout-flex wp-container-core-columns-is-layout-28f84493 wp-block-columns-is-layout-flex\">\n<div class=\"wp-block-column is-layout-flow wp-block-column-is-layout-flow\" style=\"flex-basis:24%\">\n<p class=\"has-text-align-center has-ast-global-color-8-color has-text-color has-link-color wp-elements-562f027b035f966fa4b4a3b4c554c55a\" style=\"font-size:20px\"><strong><strong>0-1300\u00b0C<\/strong>&nbsp;ALL HEAT TREATMENTS BETWEEN<\/strong><\/p>\n\n\n\n<p class=\"has-text-align-center has-ast-global-color-5-color has-text-color has-link-color wp-elements-faa8797736783f240499973525a07609\">We manufacture kilns for all thermal problems up to 1300\u00b0C. <\/p>\n<\/div>\n\n\n\n<div class=\"wp-block-column is-layout-flow wp-block-column-is-layout-flow\" style=\"flex-basis:24%\">\n<p class=\"has-text-align-center has-ast-global-color-8-color has-text-color has-link-color wp-elements-aa7cd0dfe9654f73345e410a593ac957\" style=\"font-size:20px\"><strong><strong>1000+ PRODUCTS<\/strong><\/strong><\/p>\n\n\n\n<p class=\"has-text-align-center has-ast-global-color-5-color has-text-color has-link-color wp-elements-b23e5ea4774fdb73ad7e5c562135d4cc\">Products that offer high quality solutions optimised for the diversity of your applications<\/p>\n<\/div>\n\n\n\n<div class=\"wp-block-column is-layout-flow wp-block-column-is-layout-flow\" style=\"flex-basis:24%\">\n<p class=\"has-text-align-center has-ast-global-color-8-color has-text-color has-link-color wp-elements-ba43f63a8ddff3716c228a2d021e0a73\" style=\"font-size:20px\"><strong><strong>2 + 10 YEARS WARRANTY AND SERVICE SUPPORT<\/strong><\/strong><\/p>\n\n\n\n<p class=\"has-text-align-center has-ast-global-color-5-color has-text-color has-link-color wp-elements-36714d121a234e0f0f0300af75430f87\">We have full confidence in the quality of our products and we are always with you.<\/p>\n<\/div>\n\n\n\n<div class=\"wp-block-column is-layout-flow wp-block-column-is-layout-flow\" style=\"flex-basis:24%\">\n<p class=\"has-text-align-center has-ast-global-color-8-color has-text-color has-link-color wp-elements-cd62d259ac4c7659d567c45349c0dfc1\" style=\"font-size:20px\"><strong><strong>SPECIAL DESIGN PRODUCTS<\/strong><\/strong><\/p>\n\n\n\n<p class=\"has-text-align-center has-ast-global-color-5-color has-text-color has-link-color wp-elements-b30c783bdbba77c50a73349b56509bb2\">Contact us for your specific thermal requirements and we will design the most suitable kiln solutions.<\/p>\n<\/div>\n<\/div>\n<\/div>\n\n\n\n<div class=\"wp-block-uagb-separator uagb-block-9622e712\"><div class=\"wp-block-uagb-separator__inner\" style=\"--my-background-image:\"><\/div><\/div>\n\n\n\n<div class=\"wp-block-uagb-call-to-action uagb-block-42285397 wp-block-button\"><div class=\"uagb-cta__wrap\"><h3 class=\"uagb-cta__title\">FOR OUR PRODUCTS, SOLUTIONS AND MORE<\/h3><\/div><div class=\"uagb-cta__buttons\"><a href=\"\/en\/iletisim\/\" class=\"uagb-cta__button-link-wrapper wp-block-button__link\" target=\"_self\" rel=\"noopener noreferrer\">CONTACT US<\/a><\/div><\/div>\n<\/div>","protected":false},"excerpt":{"rendered":"<p>\u00c7AMUR \u0130\u015eLEME MAK\u0130NELER\u0130 en verimli ve en dayan\u0131kl\u0131 \u00c7amur i\u015flemeMAK\u0130NLER\u0130 ile seri \u00fcretiminizi g\u00fc\u00e7lendirin! Korozyona ve a\u015f\u0131nmaya dayan\u0131kl\u0131 paslanmaz, kompakt tasar\u0131m d\u00fc\u015f\u00fck sesli \u00e7al\u0131\u015fma ile saatte 6000 kg \u00e7amur i\u015fleme kapasitesine kadar \u00e7amur i\u015fleme makineleri \u00fcretiyoruz. REFSAN TEKL\u0130FLER\u0130 0-1300\u00b0C&nbsp;ARASI T\u00dcM ISIL \u0130\u015eLEMLER 1300\u00b0C&#8217;ye kadar olan t\u00fcm termal sorunlar i\u00e7in f\u0131r\u0131nlar \u00fcretiyoruz. 1000+ \u00dcR\u00dcN Uygulamar\u0131n\u0131z \u00e7e\u015fitili\u011fine [&hellip;]<\/p>\n","protected":false},"author":2,"featured_media":0,"parent":6380,"menu_order":0,"comment_status":"closed","ping_status":"closed","template":"","meta":{"_eb_attr":"","_uag_custom_page_level_css":"","site-sidebar-layout":"default","site-content-layout":"","ast-site-content-layout":"default","site-content-style":"default","site-sidebar-style":"default","ast-global-header-display":"","ast-banner-title-visibility":"","ast-main-header-display":"","ast-hfb-above-header-display":"","ast-hfb-below-header-display":"","ast-hfb-mobile-header-display":"","site-post-title":"disabled","ast-breadcrumbs-content":"","ast-featured-img":"","footer-sml-layout":"","theme-transparent-header-meta":"","adv-header-id-meta":"","stick-header-meta":"","header-above-stick-meta":"","header-main-stick-meta":"","header-below-stick-meta":"","astra-migrate-meta-layouts":"set","ast-page-background-enabled":"default","ast-page-background-meta":{"desktop":{"background-color":"","background-image":"","background-repeat":"repeat","background-position":"center center","background-size":"auto","background-attachment":"scroll","background-type":"","background-media":"","overlay-type":"","overlay-color":"","overlay-opacity":"","overlay-gradient":""},"tablet":{"background-color":"","background-image":"","background-repeat":"repeat","background-position":"center center","background-size":"auto","background-attachment":"scroll","background-type":"","background-media":"","overlay-type":"","overlay-color":"","overlay-opacity":"","overlay-gradient":""},"mobile":{"background-color":"","background-image":"","background-repeat":"repeat","background-position":"center center","background-size":"auto","background-attachment":"scroll","background-type":"","background-media":"","overlay-type":"","overlay-color":"","overlay-opacity":"","overlay-gradient":""}},"ast-content-background-meta":{"desktop":{"background-color":"var(--ast-global-color-5)","background-image":"","background-repeat":"repeat","background-position":"center center","background-size":"auto","background-attachment":"scroll","background-type":"","background-media":"","overlay-type":"","overlay-color":"","overlay-opacity":"","overlay-gradient":""},"tablet":{"background-color":"var(--ast-global-color-5)","background-image":"","background-repeat":"repeat","background-position":"center center","background-size":"auto","background-attachment":"scroll","background-type":"","background-media":"","overlay-type":"","overlay-color":"","overlay-opacity":"","overlay-gradient":""},"mobile":{"background-color":"var(--ast-global-color-5)","background-image":"","background-repeat":"repeat","background-position":"center center","background-size":"auto","background-attachment":"scroll","background-type":"","background-media":"","overlay-type":"","overlay-color":"","overlay-opacity":"","overlay-gradient":""}},"footnotes":""},"class_list":["post-6967","page","type-page","status-publish","hentry"],"uagb_featured_image_src":{"full":false,"thumbnail":false,"medium":false,"medium_large":false,"large":false,"1536x1536":false,"2048x2048":false,"trp-custom-language-flag":false,"woocommerce_thumbnail":false,"woocommerce_single":false,"woocommerce_gallery_thumbnail":false},"uagb_author_info":{"display_name":"G\u00fcney S\u00fcr\u00fcc\u00fco\u011flu","author_link":"https:\/\/refsanglobal.com\/en\/author\/guney\/"},"uagb_comment_info":0,"uagb_excerpt":"\u00c7AMUR \u0130\u015eLEME MAK\u0130NELER\u0130 en verimli ve en dayan\u0131kl\u0131 \u00c7amur i\u015flemeMAK\u0130NLER\u0130 ile seri \u00fcretiminizi g\u00fc\u00e7lendirin! Korozyona ve a\u015f\u0131nmaya dayan\u0131kl\u0131 paslanmaz, kompakt tasar\u0131m d\u00fc\u015f\u00fck sesli \u00e7al\u0131\u015fma ile saatte 6000 kg \u00e7amur i\u015fleme kapasitesine kadar \u00e7amur i\u015fleme makineleri \u00fcretiyoruz. REFSAN TEKL\u0130FLER\u0130 0-1300\u00b0C&nbsp;ARASI T\u00dcM ISIL \u0130\u015eLEMLER 1300\u00b0C&#8217;ye kadar olan t\u00fcm termal sorunlar i\u00e7in f\u0131r\u0131nlar \u00fcretiyoruz. 1000+ \u00dcR\u00dcN Uygulamar\u0131n\u0131z \u00e7e\u015fitili\u011fine&hellip;","_links":{"self":[{"href":"https:\/\/refsanglobal.com\/en\/wp-json\/wp\/v2\/pages\/6967","targetHints":{"allow":["GET"]}}],"collection":[{"href":"https:\/\/refsanglobal.com\/en\/wp-json\/wp\/v2\/pages"}],"about":[{"href":"https:\/\/refsanglobal.com\/en\/wp-json\/wp\/v2\/types\/page"}],"author":[{"embeddable":true,"href":"https:\/\/refsanglobal.com\/en\/wp-json\/wp\/v2\/users\/2"}],"replies":[{"embeddable":true,"href":"https:\/\/refsanglobal.com\/en\/wp-json\/wp\/v2\/comments?post=6967"}],"version-history":[{"count":28,"href":"https:\/\/refsanglobal.com\/en\/wp-json\/wp\/v2\/pages\/6967\/revisions"}],"predecessor-version":[{"id":10087,"href":"https:\/\/refsanglobal.com\/en\/wp-json\/wp\/v2\/pages\/6967\/revisions\/10087"}],"up":[{"embeddable":true,"href":"https:\/\/refsanglobal.com\/en\/wp-json\/wp\/v2\/pages\/6380"}],"wp:attachment":[{"href":"https:\/\/refsanglobal.com\/en\/wp-json\/wp\/v2\/media?parent=6967"}],"curies":[{"name":"wp","href":"https:\/\/api.w.org\/{rel}","templated":true}]}}