{"id":7658,"date":"2023-11-29T06:40:44","date_gmt":"2023-11-29T06:40:44","guid":{"rendered":"http:\/\/refsanglobal.com\/?page_id=7658"},"modified":"2024-01-08T12:52:55","modified_gmt":"2024-01-08T12:52:55","slug":"bilyali-degirmen","status":"publish","type":"page","link":"https:\/\/refsanglobal.com\/en\/endustriyel-makineler\/degirmenler\/bilyali-degirmen\/","title":{"rendered":"Bal Mills"},"content":{"rendered":"<div class=\"wp-block-uagb-container uagb-block-b9b0fedc alignfull uagb-is-root-container\"><div class=\"uagb-container-inner-blocks-wrap\">\n<div class=\"wp-block-uagb-container uagb-block-cf730d8f\">\n<div class=\"wp-block-columns alignfull has-background is-layout-flex wp-container-core-columns-is-layout-28f84493 wp-block-columns-is-layout-flex\" style=\"background-color:#f9f9f9\">\n<div class=\"wp-block-column is-vertically-aligned-center is-layout-flow wp-block-column-is-layout-flow\" style=\"padding-top:var(--wp--preset--spacing--30);padding-right:var(--wp--preset--spacing--30);padding-bottom:var(--wp--preset--spacing--30);padding-left:var(--wp--preset--spacing--30);flex-basis:500px\">\n<div class=\"wp-block-uagb-advanced-heading uagb-block-91a91ba9\"><h1 class=\"uagb-heading-text\"><strong>BALL MILLS<\/strong><\/h1><\/div>\n\n\n\n<div class=\"wp-block-uagb-advanced-heading uagb-block-3ab51117\"><h2 class=\"uagb-heading-text\">Ball mills with raw material processing capacities from 50kg to 750kg<\/h2><\/div>\n\n\n\n<div class=\"wp-block-essential-blocks-button\"><div class=\"eb-parent-wrapper eb-parent-eb-button-h5gpx75\"><div class=\"eb-button-wrapper eb-button-alignment eb-button-h5gpx75\"><div class=\"eb-button\"><a class=\"eb-button-anchor\" href=\"\/en\/teklif-al\/\" rel=\"noopener\">GET AN OFFER FOR MILLS<\/a><\/div><\/div><\/div><\/div>\n<\/div>\n\n\n\n<div class=\"wp-block-column is-vertically-aligned-center is-layout-flow wp-block-column-is-layout-flow\">\n<figure class=\"wp-block-image size-full is-resized\"><img fetchpriority=\"high\" decoding=\"async\" width=\"931\" height=\"524\" src=\"https:\/\/refsanglobal.com\/wp-content\/uploads\/2023\/11\/9-2.webp\" alt=\"\" class=\"wp-image-7661\" style=\"aspect-ratio:1.7767175572519085;object-fit:contain;width:1057px;height:auto\" srcset=\"https:\/\/refsanglobal.com\/wp-content\/uploads\/2023\/11\/9-2.webp 931w, https:\/\/refsanglobal.com\/wp-content\/uploads\/2023\/11\/9-2-300x169.webp 300w, https:\/\/refsanglobal.com\/wp-content\/uploads\/2023\/11\/9-2-768x432.webp 768w, https:\/\/refsanglobal.com\/wp-content\/uploads\/2023\/11\/9-2-600x338.webp 600w\" sizes=\"(max-width: 931px) 100vw, 931px\" \/><\/figure>\n<\/div>\n<\/div>\n<\/div>\n<\/div><\/div>\n\n\n\n<div class=\"wp-block-essential-blocks-advanced-tabs alignwide\"><div class=\"eb-parent-wrapper eb-parent-eb-advanced-tabs-muuimaf\"><div class=\"eb-advanced-tabs-muuimaf eb-advanced-tabs-wrapper horizontal\"><div class=\"eb-tabs-nav\"><ul class=\"tabTitles\" data-tabs-ul-id=\"eb-advanced-tabs-muuimaf\"><li data-title-tab-id=\"1\" data-title-custom-id=\"\" class=\"active\"><span class=\"tabIcon fas fa-angle-right\"><\/span><h6 class=\"tab-title-text\">BALL MILLS<\/h6><\/li><\/ul><\/div><div class=\"eb-tabs-contents\">\n<div class=\"eb-tab-wrapper\" data-tab-id=\"1\" data-tab-parent-id=\"eb-advanced-tabs-muuimaf\"><div class=\"eb-tab-inner\">\n<div class=\"wp-block-uagb-separator uagb-block-a19b599f\"><div class=\"wp-block-uagb-separator__inner\" style=\"--my-background-image:\"><\/div><\/div>\n\n\n\n<div class=\"wp-block-columns is-layout-flex wp-container-core-columns-is-layout-f1061711 wp-block-columns-is-layout-flex\" style=\"padding-right:var(--wp--preset--spacing--20);padding-left:var(--wp--preset--spacing--20)\">\n<div class=\"wp-block-column is-layout-flow wp-block-column-is-layout-flow\" style=\"flex-basis:100%\">\n<div class=\"wp-block-columns is-layout-flex wp-container-core-columns-is-layout-28f84493 wp-block-columns-is-layout-flex\">\n<div class=\"wp-block-column is-layout-flow wp-block-column-is-layout-flow\" style=\"padding-right:var(--wp--preset--spacing--20);padding-left:var(--wp--preset--spacing--20);flex-basis:100%\">\n<hr class=\"wp-block-separator has-text-color has-alpha-channel-opacity has-background is-style-default\" style=\"background-color:#ffffff00;color:#ffffff00\"\/>\n\n\n\n<div class=\"wp-block-uagb-container uagb-block-10e959e7 default uagb-is-root-container\">\n<div class=\"wp-block-uagb-container uagb-block-cf9e5087\">\n<div class=\"wp-block-uagb-image uagb-block-09b973d9 wp-block-uagb-image--layout-default wp-block-uagb-image--effect-static wp-block-uagb-image--align-none\"><figure class=\"wp-block-uagb-image__figure\"><img loading=\"lazy\" decoding=\"async\" srcset=\"https:\/\/refsanglobal.com\/wp-content\/uploads\/2023\/11\/989.webp ,https:\/\/refsanglobal.com\/wp-content\/uploads\/2023\/11\/989.webp 780w, https:\/\/refsanglobal.com\/wp-content\/uploads\/2023\/11\/989.webp 360w\" sizes=\"auto, (max-width: 480px) 150px\" src=\"https:\/\/refsanglobal.com\/wp-content\/uploads\/2023\/11\/989.webp\" alt=\"\" class=\"uag-image-7666\" width=\"1024\" height=\"683\" title=\"\"\/><\/figure><\/div>\n<\/div>\n\n\n\n<div class=\"wp-block-uagb-container uagb-block-f26da9ba\">\n<p style=\"font-style:normal;font-weight:300\">Ball mills are used for dry and wet mixing and grinding of ceramic raw materials, glaze, pebbles, kaolin, ores and other raw materials for fine grinding, to achieve the average uniform fineness of the final products and to save power.<\/p>\n\n\n\n<p style=\"font-style:normal;font-weight:300\">Alumina grinding balls are used as abrasive media for ceramic raw materials and glaze materials.<\/p>\n\n\n\n<p style=\"font-style:normal;font-weight:300\">Ceramic, cement and enamel factories as well as glass processing factories prefer ball mills due to their high density, high hardness and excellent wear resistance.<\/p>\n<\/div>\n<\/div>\n<\/div>\n<\/div>\n<\/div>\n<\/div>\n\n\n\n<div class=\"wp-block-columns is-layout-flex wp-container-core-columns-is-layout-f1061711 wp-block-columns-is-layout-flex\" style=\"padding-right:var(--wp--preset--spacing--20);padding-left:var(--wp--preset--spacing--20)\">\n<div class=\"wp-block-column is-layout-flow wp-block-column-is-layout-flow\" style=\"flex-basis:100%\">\n<div class=\"wp-block-columns is-layout-flex wp-container-core-columns-is-layout-28f84493 wp-block-columns-is-layout-flex\">\n<div class=\"wp-block-column is-layout-flow wp-block-column-is-layout-flow\" style=\"padding-right:var(--wp--preset--spacing--20);padding-left:var(--wp--preset--spacing--20);flex-basis:100%\">\n<hr class=\"wp-block-separator has-text-color has-alpha-channel-opacity has-background is-style-default\" style=\"background-color:#ffffff00;color:#ffffff00\"\/>\n\n\n\n<div class=\"wp-block-uagb-container uagb-block-8039d3c7 default uagb-is-root-container\">\n<ul class=\"wp-block-list\">\n<li>It is produced in different sizes for your raw material processing in 50, 100, 200, 300, 500 and 750 kg weights.<\/li>\n\n\n\n<li>It is ideal for stable, safe and high performance with lower investment cost, energy-saving operation, durable structure and ease of use.<\/li>\n\n\n\n<li>Wear-resistant Alumina liner and alumina balls have high grinding precision and less metal pollution.<\/li>\n\n\n\n<li>It not only increases the service life of the mill and the purity of the milled materials, but also expands the application range.<\/li>\n\n\n\n<li>Suitable for mixing and grinding standard materials and special materials.<\/li>\n\n\n\n<li>Suitable for the ceramic, glaze and quartz industry with sensitive requirements in terms of metal content.<\/li>\n\n\n\n<li>Can be used for wet or dry grinding. For wet\/dry grinding, water can be added up to 40% by weight of the raw material.<\/li>\n\n\n\n<li>The fineness of the material to be ground depends on the grinding time.<\/li>\n\n\n\n<li>There is a digital time display and counter.<\/li>\n\n\n\n<li>There are two covers.<\/li>\n\n\n\n<li>Alumina balls are available in 60 - 50 - 40 - 30 - 30 - 25 - 20 mm sizes according to your application.<\/li>\n<\/ul>\n\n\n\n<div class=\"wp-block-uagb-container uagb-block-2de35df4\">\n<div class=\"wp-block-uagb-slider uagb-block-9daea636 uagb-slider-container\"><div class=\"uagb-slides uagb-swiper\"><div class=\"swiper-wrapper\">\n<div class=\"wp-block-uagb-slider-child uagb-slider-child-wrap swiper-slide uagb-block-64a88b58\"><div class=\"swiper-content\">\n<div class=\"wp-block-uagb-container uagb-block-16d2e3ed\">\n<div class=\"wp-block-uagb-info-box uagb-block-8185b403 uagb-infobox__content-wrap  uagb-infobox-icon-above-title uagb-infobox-image-valign-top\"><div class=\"uagb-ifb-content\"><div class=\"uagb-ifb-image-content\"><img decoding=\"async\" src=\"https:\/\/refsanglobal.com\/wp-content\/uploads\/2023\/11\/1-13.webp\" alt=\"\" width=\"\" height=\"0\" loading=\"lazy\"\/><\/div><div class=\"uagb-ifb-title-wrap\"><\/div><\/div><\/div>\n<\/div>\n<\/div><\/div>\n\n\n\n<div class=\"wp-block-uagb-slider-child uagb-slider-child-wrap swiper-slide uagb-block-129a4842\"><div class=\"swiper-content\">\n<div class=\"wp-block-uagb-container uagb-block-cac2dbb4\">\n<div class=\"wp-block-uagb-info-box uagb-block-653b96c8 uagb-infobox__content-wrap  uagb-infobox-icon-above-title uagb-infobox-image-valign-top\"><div class=\"uagb-ifb-content\"><div class=\"uagb-ifb-image-content\"><img decoding=\"async\" src=\"https:\/\/refsanglobal.com\/wp-content\/uploads\/2023\/11\/2-13.webp\" alt=\"\" width=\"\" height=\"0\" loading=\"lazy\"\/><\/div><div class=\"uagb-ifb-title-wrap\"><\/div><\/div><\/div>\n<\/div>\n<\/div><\/div>\n\n\n\n<div class=\"wp-block-uagb-slider-child uagb-slider-child-wrap swiper-slide uagb-block-83d74759\"><div class=\"swiper-content\">\n<div class=\"wp-block-uagb-container uagb-block-cc678258\">\n<div class=\"wp-block-uagb-info-box uagb-block-10164407 uagb-infobox__content-wrap  uagb-infobox-icon-above-title uagb-infobox-image-valign-top\"><div class=\"uagb-ifb-content\"><div class=\"uagb-ifb-image-content\"><img decoding=\"async\" src=\"https:\/\/refsanglobal.com\/wp-content\/uploads\/2023\/11\/4-9.webp\" alt=\"\" width=\"\" height=\"0\" loading=\"lazy\"\/><\/div><div class=\"uagb-ifb-title-wrap\"><\/div><\/div><\/div>\n<\/div>\n<\/div><\/div>\n\n\n\n<div class=\"wp-block-uagb-slider-child uagb-slider-child-wrap swiper-slide uagb-block-54677cc7\"><div class=\"swiper-content\">\n<div class=\"wp-block-uagb-container uagb-block-46bf4fb6\">\n<div class=\"wp-block-uagb-info-box uagb-block-d58c667f uagb-infobox__content-wrap  uagb-infobox-icon-above-title uagb-infobox-image-valign-top\"><div class=\"uagb-ifb-content\"><div class=\"uagb-ifb-image-content\"><img decoding=\"async\" src=\"https:\/\/refsanglobal.com\/wp-content\/uploads\/2023\/11\/3-9.webp\" alt=\"\" width=\"\" height=\"0\" loading=\"lazy\"\/><\/div><div class=\"uagb-ifb-title-wrap\"><\/div><\/div><\/div>\n<\/div>\n<\/div><\/div>\n\n\n\n<div class=\"wp-block-uagb-slider-child uagb-slider-child-wrap swiper-slide uagb-block-f6aa87c7\"><div class=\"swiper-content\">\n<div class=\"wp-block-uagb-container uagb-block-5b05b9ed\">\n<div class=\"wp-block-uagb-info-box uagb-block-59ba9d16 uagb-infobox__content-wrap  uagb-infobox-icon-above-title uagb-infobox-image-valign-top\"><div class=\"uagb-ifb-content\"><div class=\"uagb-ifb-image-content\"><img decoding=\"async\" src=\"https:\/\/refsanglobal.com\/wp-content\/uploads\/2023\/11\/5-8.webp\" alt=\"\" width=\"\" height=\"0\" loading=\"lazy\"\/><\/div><div class=\"uagb-ifb-title-wrap\"><\/div><\/div><\/div>\n<\/div>\n<\/div><\/div>\n<\/div><\/div><div class=\"swiper-pagination\"><\/div><\/div>\n<\/div>\n<\/div>\n<\/div>\n<\/div>\n<\/div>\n<\/div>\n<\/div><\/div>\n<\/div><\/div><\/div><\/div>\n\n\n\n<div class=\"wp-block-uagb-advanced-heading uagb-block-cd40a1c8\"><h5 class=\"uagb-heading-text\">TECHNICAL SPECIFATION<\/h5><\/div>\n\n\n\n<figure class=\"wp-block-table aligncenter is-style-stripes has-small-font-size\" style=\"padding-top:var(--wp--preset--spacing--60);padding-right:var(--wp--preset--spacing--30);padding-bottom:var(--wp--preset--spacing--60);padding-left:var(--wp--preset--spacing--30)\"><table class=\"has-fixed-layout\" style=\"border-width:1px\"><tbody><tr><td class=\"has-text-align-left\" data-align=\"left\"><strong>DRY GRINDING CAPACITY<\/strong><\/td><td>50 kg<\/td><td>100 kg<\/td><td>200 kg<\/td><td>300 kg<\/td><td>500 kg<\/td><td>750 kg<\/td><\/tr><tr><td class=\"has-text-align-left\" data-align=\"left\"><strong>WET GRINDING CAPACITY<\/strong><\/td><td>70 kg<\/td><td>140 kg<\/td><td>280 kg<\/td><td>420 kg<\/td><td>700 kg<\/td><td>1050 kg<\/td><\/tr><tr><td class=\"has-text-align-left\" data-align=\"left\"><strong>CYLINDER DIAMETER<\/strong><\/td><td>70 cm<\/td><td>80 cm<\/td><td>100 cm<\/td><td>120 cm<\/td><td>130 cm<\/td><td>150 cm<\/td><\/tr><tr><td class=\"has-text-align-left\" data-align=\"left\"><strong>CYLINDER LENGTH<\/strong><\/td><td>70 cm<\/td><td>80 cm<\/td><td>100 cm<\/td><td>120 cm<\/td><td>130 cm<\/td><td>150 cm<\/td><\/tr><tr><td class=\"has-text-align-left\" data-align=\"left\"><strong>LINING MATERIAL<\/strong><\/td><td>92 Alumina<\/td><td>92 Alumina<\/td><td>92 Alumina<\/td><td>92 Alumina<\/td><td>92 Alumina<\/td><td>92 Alumina<\/td><\/tr><tr><td class=\"has-text-align-left\" data-align=\"left\"><strong>BALL MATERIALS<\/strong><\/td><td>92 Alumina<\/td><td>92 Alumina<\/td><td>92 Alumina<\/td><td>92 Alumina<\/td><td>92 Alumina<\/td><td>92 Alumina<\/td><\/tr><tr><td class=\"has-text-align-left\" data-align=\"left\"><strong>BALL CAPACITY<\/strong><\/td><td>75 kg<\/td><td>150 kg<\/td><td>300 kg<\/td><td>450 kg<\/td><td>750 kg<\/td><td>1125 kg<\/td><\/tr><tr><td class=\"has-text-align-left\" data-align=\"left\"><strong><strong>HEIGHT<\/strong><\/strong><\/td><td>**<\/td><td>135 cm<\/td><td>195 cm<\/td><td>**<\/td><td>230 cm<\/td><td>**<\/td><\/tr><tr><td class=\"has-text-align-left\" data-align=\"left\"><strong>WIDTH<\/strong><\/td><td>**<\/td><td>100 cm<\/td><td>180 cm<\/td><td>**<\/td><td>180 cm<\/td><td>**<\/td><\/tr><tr><td class=\"has-text-align-left\" data-align=\"left\"><strong>DEPTH<\/strong><\/td><td>** <\/td><td>160 cm<\/td><td>180 cm<\/td><td>**<\/td><td>240 cm<\/td><td>**<\/td><\/tr><tr><td class=\"has-text-align-left\" data-align=\"left\"><strong>WARRANTY<\/strong><\/td><td>2 Year<\/td><td>2 Year<\/td><td>2 Year<\/td><td>2 Year<\/td><td>2 Year<\/td><td>2 Year<\/td><\/tr><tr><td class=\"has-text-align-left\" data-align=\"left\"><strong>SERVICE WARRANTY<\/strong><\/td><td>10 Year<\/td><td>10 Year<\/td><td>10 Year<\/td><td>10 Year<\/td><td>10 Year<\/td><td>10 Year<\/td><\/tr><\/tbody><\/table><\/figure>\n\n\n\n<div class=\"wp-block-uagb-advanced-heading uagb-block-e699f990\"><h4 class=\"uagb-heading-text\"><strong>REFSAN's <\/strong>OUR MACHINES ARE TRUSTED BY MANY BUSINESSES AND INSTITUTIONS.<\/h4><\/div>\n\n\n\n<div class=\"wp-block-columns is-layout-flex wp-container-core-columns-is-layout-28f84493 wp-block-columns-is-layout-flex\">\n<div class=\"wp-block-column is-layout-flow wp-block-column-is-layout-flow\">\n<div class=\"wp-block-columns is-not-stacked-on-mobile is-layout-flex wp-container-core-columns-is-layout-e0e4babd wp-block-columns-is-layout-flex\" style=\"padding-right:0;padding-left:0\">\n<div class=\"wp-block-column is-layout-flow wp-block-column-is-layout-flow\">\n<div class=\"wp-block-uagb-info-box uagb-block-1b494c73 uagb-infobox__content-wrap  uagb-infobox-icon-above-title uagb-infobox-image-valign-top\"><div class=\"uagb-ifb-content\"><div class=\"uagb-ifb-image-content\"><img decoding=\"async\" src=\"https:\/\/refsanglobal.com\/wp-content\/uploads\/2023\/12\/123612432.webp\" alt=\"\" width=\"\" height=\"0\" loading=\"lazy\"\/><\/div><div class=\"uagb-ifb-title-wrap\"><\/div><\/div><\/div>\n<\/div>\n\n\n\n<div class=\"wp-block-column is-layout-flow wp-block-column-is-layout-flow\">\n<div class=\"wp-block-uagb-info-box uagb-block-d6fb4e6b uagb-infobox__content-wrap  uagb-infobox-icon-above-title uagb-infobox-image-valign-top\"><div class=\"uagb-ifb-content\"><div class=\"uagb-ifb-image-content\"><img decoding=\"async\" src=\"https:\/\/refsanglobal.com\/wp-content\/uploads\/2023\/12\/3-12.webp\" alt=\"\" width=\"\" height=\"0\" loading=\"lazy\"\/><\/div><div class=\"uagb-ifb-title-wrap\"><\/div><\/div><\/div>\n<\/div>\n\n\n\n<div class=\"wp-block-column is-layout-flow wp-block-column-is-layout-flow\">\n<div class=\"wp-block-uagb-info-box uagb-block-5ffa7f27 uagb-infobox__content-wrap  uagb-infobox-icon-above-title uagb-infobox-image-valign-top\"><div class=\"uagb-ifb-content\"><div class=\"uagb-ifb-image-content\"><img decoding=\"async\" src=\"https:\/\/refsanglobal.com\/wp-content\/uploads\/2023\/12\/615243125341523.webp\" alt=\"\" width=\"\" height=\"0\" loading=\"lazy\"\/><\/div><div class=\"uagb-ifb-title-wrap\"><\/div><\/div><\/div>\n<\/div>\n<\/div>\n<\/div>\n\n\n\n<div class=\"wp-block-column is-layout-flow wp-block-column-is-layout-flow\">\n<div class=\"wp-block-columns is-not-stacked-on-mobile is-layout-flex wp-container-core-columns-is-layout-28f84493 wp-block-columns-is-layout-flex\">\n<div class=\"wp-block-column is-layout-flow wp-block-column-is-layout-flow\">\n<div class=\"wp-block-uagb-info-box uagb-block-8c649106 uagb-infobox__content-wrap  uagb-infobox-icon-above-title uagb-infobox-image-valign-top\"><div class=\"uagb-ifb-content\"><div class=\"uagb-ifb-image-content\"><img decoding=\"async\" src=\"https:\/\/refsanglobal.com\/wp-content\/uploads\/2023\/12\/15-12.webp\" alt=\"\" width=\"\" height=\"0\" loading=\"lazy\"\/><\/div><div class=\"uagb-ifb-title-wrap\"><\/div><\/div><\/div>\n<\/div>\n\n\n\n<div class=\"wp-block-column is-layout-flow wp-block-column-is-layout-flow\">\n<div class=\"wp-block-uagb-info-box uagb-block-0be55c1c uagb-infobox__content-wrap  uagb-infobox-icon-above-title uagb-infobox-image-valign-top\"><div class=\"uagb-ifb-content\"><div class=\"uagb-ifb-image-content\"><img decoding=\"async\" src=\"https:\/\/refsanglobal.com\/wp-content\/uploads\/2023\/12\/16254312653.webp\" alt=\"\" width=\"\" height=\"0\" loading=\"lazy\"\/><\/div><div class=\"uagb-ifb-title-wrap\"><\/div><\/div><\/div>\n<\/div>\n\n\n\n<div class=\"wp-block-column is-layout-flow wp-block-column-is-layout-flow\">\n<div class=\"wp-block-uagb-info-box uagb-block-ddc57732 uagb-infobox__content-wrap  uagb-infobox-icon-above-title uagb-infobox-image-valign-top\"><div class=\"uagb-ifb-content\"><div class=\"uagb-ifb-image-content\"><img decoding=\"async\" src=\"https:\/\/refsanglobal.com\/wp-content\/uploads\/2023\/12\/1-12.webp\" alt=\"\" width=\"\" height=\"0\" loading=\"lazy\"\/><\/div><div class=\"uagb-ifb-title-wrap\"><\/div><\/div><\/div>\n<\/div>\n<\/div>\n<\/div>\n<\/div>\n\n\n\n<div class=\"wp-block-uagb-container uagb-block-de06779e alignfull uagb-is-root-container\">\n<div class=\"wp-block-uagb-container uagb-block-f4728d9c\">\n<div class=\"wp-block-columns is-layout-flex wp-container-core-columns-is-layout-28f84493 wp-block-columns-is-layout-flex\">\n<div class=\"wp-block-column is-layout-flow wp-block-column-is-layout-flow\">\n<div class=\"wp-block-uagb-advanced-heading uagb-block-a69b8f78\"><h6 class=\"uagb-heading-text\"><strong>REFSAN OFFERS<\/strong><\/h6><\/div>\n<\/div>\n<\/div>\n<\/div>\n\n\n\n<div class=\"wp-block-uagb-separator uagb-block-f683bfc6\"><div class=\"wp-block-uagb-separator__inner\" style=\"--my-background-image:\"><\/div><\/div>\n\n\n\n<div class=\"wp-block-uagb-container uagb-block-a974b730\">\n<div class=\"wp-block-columns is-layout-flex wp-container-core-columns-is-layout-28f84493 wp-block-columns-is-layout-flex\">\n<div class=\"wp-block-column is-layout-flow wp-block-column-is-layout-flow\" style=\"flex-basis:24%\">\n<p class=\"has-text-align-center has-ast-global-color-8-color has-text-color has-link-color wp-elements-562f027b035f966fa4b4a3b4c554c55a\" style=\"font-size:20px\"><strong><strong>0-1300\u00b0C<\/strong>&nbsp;ALL HEAT TREATMENTS BETWEEN<\/strong><\/p>\n\n\n\n<p class=\"has-text-align-center has-ast-global-color-5-color has-text-color has-link-color wp-elements-faa8797736783f240499973525a07609\">We manufacture kilns for all thermal problems up to 1300\u00b0C. <\/p>\n<\/div>\n\n\n\n<div class=\"wp-block-column is-layout-flow wp-block-column-is-layout-flow\" style=\"flex-basis:24%\">\n<p class=\"has-text-align-center has-ast-global-color-8-color has-text-color has-link-color wp-elements-aa7cd0dfe9654f73345e410a593ac957\" style=\"font-size:20px\"><strong><strong>1000+ PRODUCTS<\/strong><\/strong><\/p>\n\n\n\n<p class=\"has-text-align-center has-ast-global-color-5-color has-text-color has-link-color wp-elements-b23e5ea4774fdb73ad7e5c562135d4cc\">Products that offer high quality solutions optimised for the diversity of your applications<\/p>\n<\/div>\n\n\n\n<div class=\"wp-block-column is-layout-flow wp-block-column-is-layout-flow\" style=\"flex-basis:24%\">\n<p class=\"has-text-align-center has-ast-global-color-8-color has-text-color has-link-color wp-elements-ba43f63a8ddff3716c228a2d021e0a73\" style=\"font-size:20px\"><strong><strong>2 + 10 YEARS WARRANTY AND SERVICE SUPPORT<\/strong><\/strong><\/p>\n\n\n\n<p class=\"has-text-align-center has-ast-global-color-5-color has-text-color has-link-color wp-elements-36714d121a234e0f0f0300af75430f87\">We have full confidence in the quality of our products and we are always with you.<\/p>\n<\/div>\n\n\n\n<div class=\"wp-block-column is-layout-flow wp-block-column-is-layout-flow\" style=\"flex-basis:24%\">\n<p class=\"has-text-align-center has-ast-global-color-8-color has-text-color has-link-color wp-elements-cd62d259ac4c7659d567c45349c0dfc1\" style=\"font-size:20px\"><strong><strong>SPECIAL DESIGN PRODUCTS<\/strong><\/strong><\/p>\n\n\n\n<p class=\"has-text-align-center has-ast-global-color-5-color has-text-color has-link-color wp-elements-b30c783bdbba77c50a73349b56509bb2\">Contact us for your specific thermal requirements and we will design the most suitable kiln solutions.<\/p>\n<\/div>\n<\/div>\n<\/div>\n\n\n\n<div class=\"wp-block-uagb-separator uagb-block-9622e712\"><div class=\"wp-block-uagb-separator__inner\" style=\"--my-background-image:\"><\/div><\/div>\n\n\n\n<div class=\"wp-block-uagb-call-to-action uagb-block-42285397 wp-block-button\"><div class=\"uagb-cta__wrap\"><h3 class=\"uagb-cta__title\">FOR OUR PRODUCTS, SOLUTIONS AND MORE<\/h3><\/div><div class=\"uagb-cta__buttons\"><a href=\"\/en\/iletisim\/\" class=\"uagb-cta__button-link-wrapper wp-block-button__link\" target=\"_self\" rel=\"noopener noreferrer\">CONTACT US<\/a><\/div><\/div>\n<\/div>","protected":false},"excerpt":{"rendered":"<p>B\u0130LYALI DE\u011e\u0130RMENLER 50kg\u2019dan 750 kg\u2019a kadar hammadde i\u015fleme kapasiteli bilyal\u0131 de\u011firmenler TEKN\u0130K \u00d6ZELL\u0130KLER KURU \u00d6\u011e\u00dcTME KAPAS\u0130TES\u0130 50 kg 100 kg 200 kg 300 kg 500 kg 750 kg ISLAK \u00d6\u011e\u00dcTME KAPAS\u0130TES\u0130 70 kg 140 kg 280 kg 420 kg 700 kg 1050 kg S\u0130L\u0130ND\u0130R \u00c7API 70 cm 80 cm 100 cm 120 cm 130 cm [&hellip;]<\/p>\n","protected":false},"author":2,"featured_media":0,"parent":7639,"menu_order":0,"comment_status":"closed","ping_status":"closed","template":"","meta":{"_eb_attr":"","_uag_custom_page_level_css":"","site-sidebar-layout":"default","site-content-layout":"","ast-site-content-layout":"default","site-content-style":"default","site-sidebar-style":"default","ast-global-header-display":"","ast-banner-title-visibility":"","ast-main-header-display":"","ast-hfb-above-header-display":"","ast-hfb-below-header-display":"","ast-hfb-mobile-header-display":"","site-post-title":"disabled","ast-breadcrumbs-content":"","ast-featured-img":"","footer-sml-layout":"","theme-transparent-header-meta":"","adv-header-id-meta":"","stick-header-meta":"","header-above-stick-meta":"","header-main-stick-meta":"","header-below-stick-meta":"","astra-migrate-meta-layouts":"set","ast-page-background-enabled":"default","ast-page-background-meta":{"desktop":{"background-color":"","background-image":"","background-repeat":"repeat","background-position":"center center","background-size":"auto","background-attachment":"scroll","background-type":"","background-media":"","overlay-type":"","overlay-color":"","overlay-opacity":"","overlay-gradient":""},"tablet":{"background-color":"","background-image":"","background-repeat":"repeat","background-position":"center center","background-size":"auto","background-attachment":"scroll","background-type":"","background-media":"","overlay-type":"","overlay-color":"","overlay-opacity":"","overlay-gradient":""},"mobile":{"background-color":"","background-image":"","background-repeat":"repeat","background-position":"center center","background-size":"auto","background-attachment":"scroll","background-type":"","background-media":"","overlay-type":"","overlay-color":"","overlay-opacity":"","overlay-gradient":""}},"ast-content-background-meta":{"desktop":{"background-color":"var(--ast-global-color-5)","background-image":"","background-repeat":"repeat","background-position":"center center","background-size":"auto","background-attachment":"scroll","background-type":"","background-media":"","overlay-type":"","overlay-color":"","overlay-opacity":"","overlay-gradient":""},"tablet":{"background-color":"var(--ast-global-color-5)","background-image":"","background-repeat":"repeat","background-position":"center center","background-size":"auto","background-attachment":"scroll","background-type":"","background-media":"","overlay-type":"","overlay-color":"","overlay-opacity":"","overlay-gradient":""},"mobile":{"background-color":"var(--ast-global-color-5)","background-image":"","background-repeat":"repeat","background-position":"center center","background-size":"auto","background-attachment":"scroll","background-type":"","background-media":"","overlay-type":"","overlay-color":"","overlay-opacity":"","overlay-gradient":""}},"footnotes":""},"class_list":["post-7658","page","type-page","status-publish","hentry"],"uagb_featured_image_src":{"full":false,"thumbnail":false,"medium":false,"medium_large":false,"large":false,"1536x1536":false,"2048x2048":false,"trp-custom-language-flag":false,"woocommerce_thumbnail":false,"woocommerce_single":false,"woocommerce_gallery_thumbnail":false},"uagb_author_info":{"display_name":"G\u00fcney S\u00fcr\u00fcc\u00fco\u011flu","author_link":"https:\/\/refsanglobal.com\/en\/author\/guney\/"},"uagb_comment_info":0,"uagb_excerpt":"B\u0130LYALI DE\u011e\u0130RMENLER 50kg\u2019dan 750 kg\u2019a kadar hammadde i\u015fleme kapasiteli bilyal\u0131 de\u011firmenler TEKN\u0130K \u00d6ZELL\u0130KLER KURU \u00d6\u011e\u00dcTME KAPAS\u0130TES\u0130 50 kg 100 kg 200 kg 300 kg 500 kg 750 kg ISLAK \u00d6\u011e\u00dcTME KAPAS\u0130TES\u0130 70 kg 140 kg 280 kg 420 kg 700 kg 1050 kg S\u0130L\u0130ND\u0130R \u00c7API 70 cm 80 cm 100 cm 120 cm 130 cm&hellip;","_links":{"self":[{"href":"https:\/\/refsanglobal.com\/en\/wp-json\/wp\/v2\/pages\/7658","targetHints":{"allow":["GET"]}}],"collection":[{"href":"https:\/\/refsanglobal.com\/en\/wp-json\/wp\/v2\/pages"}],"about":[{"href":"https:\/\/refsanglobal.com\/en\/wp-json\/wp\/v2\/types\/page"}],"author":[{"embeddable":true,"href":"https:\/\/refsanglobal.com\/en\/wp-json\/wp\/v2\/users\/2"}],"replies":[{"embeddable":true,"href":"https:\/\/refsanglobal.com\/en\/wp-json\/wp\/v2\/comments?post=7658"}],"version-history":[{"count":12,"href":"https:\/\/refsanglobal.com\/en\/wp-json\/wp\/v2\/pages\/7658\/revisions"}],"predecessor-version":[{"id":9308,"href":"https:\/\/refsanglobal.com\/en\/wp-json\/wp\/v2\/pages\/7658\/revisions\/9308"}],"up":[{"embeddable":true,"href":"https:\/\/refsanglobal.com\/en\/wp-json\/wp\/v2\/pages\/7639"}],"wp:attachment":[{"href":"https:\/\/refsanglobal.com\/en\/wp-json\/wp\/v2\/media?parent=7658"}],"curies":[{"name":"wp","href":"https:\/\/api.w.org\/{rel}","templated":true}]}}