{"id":8481,"date":"2023-12-15T14:19:23","date_gmt":"2023-12-15T14:19:23","guid":{"rendered":"http:\/\/refsanglobal.com\/?page_id=8481"},"modified":"2024-01-30T13:38:14","modified_gmt":"2024-01-30T13:38:14","slug":"referanslar","status":"publish","type":"page","link":"https:\/\/refsanglobal.com\/en\/referanslar\/","title":{"rendered":"Referances"},"content":{"rendered":"<div class=\"wp-block-uagb-container uagb-block-f970e79f alignfull uagb-is-root-container\"><div class=\"uagb-container-inner-blocks-wrap\">\n<div class=\"wp-block-uagb-advanced-heading uagb-block-22b38860\"><h1 class=\"uagb-heading-text\">REFERANCES<\/h1><\/div>\n<\/div><\/div>\n\n\n\n<div class=\"wp-block-uagb-separator uagb-block-85779417\"><div class=\"wp-block-uagb-separator__inner\" style=\"--my-background-image:\"><\/div><\/div>\n\n\n\n<div class=\"wp-block-uagb-container uagb-block-650c9a6a alignfull uagb-is-root-container\"><div class=\"uagb-container-inner-blocks-wrap\">\n<div class=\"wp-block-uagb-container uagb-block-740d5506\">\n<div class=\"wp-block-uagb-image aligncenter uagb-block-575afcf9 wp-block-uagb-image--layout-overlay wp-block-uagb-image--effect-static wp-block-uagb-image--align-center\"><figure class=\"wp-block-uagb-image__figure\"><a class=\"\" href=\"https:\/\/refsanglobal.com\/wp-content\/uploads\/2023\/12\/Belediyeler-1.pdf\" target=\"_blank\" rel=\"noreferrer noopener\"><img loading=\"lazy\" decoding=\"async\" srcset=\"https:\/\/refsanglobal.com\/wp-content\/uploads\/2023\/12\/5-2.jpg ,https:\/\/refsanglobal.com\/wp-content\/uploads\/2023\/12\/5-2.jpg 780w, https:\/\/refsanglobal.com\/wp-content\/uploads\/2023\/12\/5-2.jpg 360w\" sizes=\"auto, (max-width: 480px) 150px\" src=\"https:\/\/refsanglobal.com\/wp-content\/uploads\/2023\/12\/5-2.jpg\" alt=\"\" class=\"uag-image-8539\" width=\"109\" height=\"108\" title=\"\"\/><\/a><div class=\"wp-block-uagb-image--layout-overlay__color-wrapper\"><\/div><div class=\"wp-block-uagb-image--layout-overlay__inner center-center\"><a class=\"wp-block-uagb-image--layout-overlay-link\" href=\"https:\/\/refsanglobal.com\/wp-content\/uploads\/2023\/12\/Belediyeler-1.pdf\" target=\"_blank\" rel=\"noreferrer noopener\"><\/a><h2 class=\"uagb-image-heading\"><a href=\"https:\/\/refsanglobal.com\/wp-content\/uploads\/2023\/12\/Belediyeler-1.pdf\" target=\"_blank\" rel=\"noreferrer noopener\">MUNICIPALITIES<\/a><\/h2><\/div><\/figure><\/div>\n<\/div>\n\n\n\n<div class=\"wp-block-uagb-container uagb-block-e8a04040\">\n<div class=\"wp-block-uagb-image aligncenter uagb-block-f53f0a32 wp-block-uagb-image--layout-overlay wp-block-uagb-image--effect-static wp-block-uagb-image--align-center\"><figure class=\"wp-block-uagb-image__figure\"><a class=\"\" href=\"https:\/\/refsanglobal.com\/wp-content\/uploads\/2023\/12\/Halk-Egitim-Merkezleri-1.pdf\" target=\"_blank\" rel=\"noreferrer noopener\"><img loading=\"lazy\" decoding=\"async\" srcset=\"https:\/\/refsanglobal.com\/wp-content\/uploads\/2023\/12\/101011-1.jpg ,https:\/\/refsanglobal.com\/wp-content\/uploads\/2023\/12\/101011-1.jpg 780w, https:\/\/refsanglobal.com\/wp-content\/uploads\/2023\/12\/101011-1.jpg 360w\" sizes=\"auto, (max-width: 480px) 150px\" src=\"https:\/\/refsanglobal.com\/wp-content\/uploads\/2023\/12\/101011-1.jpg\" alt=\"\" class=\"uag-image-8493\" width=\"111\" height=\"53\" title=\"\"\/><\/a><div class=\"wp-block-uagb-image--layout-overlay__color-wrapper\"><\/div><div class=\"wp-block-uagb-image--layout-overlay__inner center-center\"><a class=\"wp-block-uagb-image--layout-overlay-link\" href=\"https:\/\/refsanglobal.com\/wp-content\/uploads\/2023\/12\/Halk-Egitim-Merkezleri-1.pdf\" target=\"_blank\" rel=\"noreferrer noopener\"><\/a><h2 class=\"uagb-image-heading\"><a href=\"https:\/\/refsanglobal.com\/wp-content\/uploads\/2023\/12\/Halk-Egitim-Merkezleri-1.pdf\" target=\"_blank\" rel=\"noreferrer noopener\">PUBLIC EDUCATION CENTERS<\/a><\/h2><\/div><\/figure><\/div>\n<\/div>\n\n\n\n<div class=\"wp-block-uagb-container uagb-block-362e80b3\">\n<div class=\"wp-block-uagb-image aligncenter uagb-block-ab38e10f wp-block-uagb-image--layout-overlay wp-block-uagb-image--effect-static wp-block-uagb-image--align-center\"><figure class=\"wp-block-uagb-image__figure\"><a class=\"\" href=\"https:\/\/refsanglobal.com\/wp-content\/uploads\/2023\/12\/Universiteler-2.pdf\" target=\"_blank\" rel=\"noreferrer noopener\"><img loading=\"lazy\" decoding=\"async\" srcset=\"https:\/\/refsanglobal.com\/wp-content\/uploads\/2023\/12\/universite.jpg ,https:\/\/refsanglobal.com\/wp-content\/uploads\/2023\/12\/universite.jpg 780w, https:\/\/refsanglobal.com\/wp-content\/uploads\/2023\/12\/universite.jpg 360w\" sizes=\"auto, (max-width: 480px) 150px\" src=\"https:\/\/refsanglobal.com\/wp-content\/uploads\/2023\/12\/universite.jpg\" alt=\"\" class=\"uag-image-8490\" width=\"112\" height=\"60\" title=\"\"\/><\/a><div class=\"wp-block-uagb-image--layout-overlay__color-wrapper\"><\/div><div class=\"wp-block-uagb-image--layout-overlay__inner center-center\"><a class=\"wp-block-uagb-image--layout-overlay-link\" href=\"https:\/\/refsanglobal.com\/wp-content\/uploads\/2023\/12\/Universiteler-2.pdf\" target=\"_blank\" rel=\"noreferrer noopener\"><\/a><h2 class=\"uagb-image-heading\"><a href=\"https:\/\/refsanglobal.com\/wp-content\/uploads\/2023\/12\/Universiteler-2.pdf\" target=\"_blank\" rel=\"noreferrer noopener\">UNIVERSITIES<\/a><\/h2><\/div><\/figure><\/div>\n<\/div>\n\n\n\n<div class=\"wp-block-uagb-container uagb-block-1c0df24e\">\n<div class=\"wp-block-uagb-image aligncenter uagb-block-ea7b1124 wp-block-uagb-image--layout-overlay wp-block-uagb-image--effect-static wp-block-uagb-image--align-center\"><figure class=\"wp-block-uagb-image__figure\"><a class=\"\" href=\"https:\/\/refsanglobal.com\/wp-content\/uploads\/2023\/12\/Okullar-2.pdf\" target=\"_blank\" rel=\"noreferrer noopener\"><img loading=\"lazy\" decoding=\"async\" srcset=\"https:\/\/refsanglobal.com\/wp-content\/uploads\/2023\/12\/1123J-1.png ,https:\/\/refsanglobal.com\/wp-content\/uploads\/2023\/12\/1123J-1.png 780w, https:\/\/refsanglobal.com\/wp-content\/uploads\/2023\/12\/1123J-1.png 360w\" sizes=\"auto, (max-width: 480px) 150px\" src=\"https:\/\/refsanglobal.com\/wp-content\/uploads\/2023\/12\/1123J-1.png\" alt=\"\" class=\"uag-image-8492\" width=\"143\" height=\"67\" title=\"\"\/><\/a><div class=\"wp-block-uagb-image--layout-overlay__color-wrapper\"><\/div><div class=\"wp-block-uagb-image--layout-overlay__inner center-center\"><a class=\"wp-block-uagb-image--layout-overlay-link\" href=\"https:\/\/refsanglobal.com\/wp-content\/uploads\/2023\/12\/Okullar-2.pdf\" target=\"_blank\" rel=\"noreferrer noopener\"><\/a><h2 class=\"uagb-image-heading\"><a href=\"https:\/\/refsanglobal.com\/wp-content\/uploads\/2023\/12\/Okullar-2.pdf\" target=\"_blank\" rel=\"noreferrer noopener\">SCHOOLS<\/a><\/h2><\/div><\/figure><\/div>\n<\/div>\n<\/div><\/div>\n\n\n\n<div style=\"height:45px\" aria-hidden=\"true\" class=\"wp-block-spacer\"><\/div>\n\n\n\n<div class=\"wp-block-uagb-container uagb-block-9a1aef3b alignfull uagb-is-root-container\"><div class=\"uagb-container-inner-blocks-wrap\">\n<div class=\"wp-block-uagb-container popmake-8597 uagb-block-527ab2cb\">\n<div class=\"wp-block-uagb-image aligncenter uagb-block-02896734 wp-block-uagb-image--layout-overlay wp-block-uagb-image--effect-static wp-block-uagb-image--align-center popmake-8597\"><figure class=\"wp-block-uagb-image__figure\"><a class=\"\" href=\"https:\/\/refsanglobal.com\/wp-content\/uploads\/2023\/12\/Firmalar-1.pdf\" target=\"\" rel=\"noopener\"><img loading=\"lazy\" decoding=\"async\" srcset=\"https:\/\/refsanglobal.com\/wp-content\/uploads\/2023\/12\/111download-1.png ,https:\/\/refsanglobal.com\/wp-content\/uploads\/2023\/12\/111download-1.png 780w, https:\/\/refsanglobal.com\/wp-content\/uploads\/2023\/12\/111download-1.png 360w\" sizes=\"auto, (max-width: 480px) 150px\" src=\"https:\/\/refsanglobal.com\/wp-content\/uploads\/2023\/12\/111download-1.png\" alt=\"\" class=\"uag-image-8495\" width=\"124\" height=\"95\" title=\"\"\/><\/a><div class=\"wp-block-uagb-image--layout-overlay__color-wrapper\"><\/div><div class=\"wp-block-uagb-image--layout-overlay__inner center-center\"><a class=\"wp-block-uagb-image--layout-overlay-link\" href=\"https:\/\/refsanglobal.com\/wp-content\/uploads\/2023\/12\/Firmalar-1.pdf\" target=\"\" rel=\"noopener\"><\/a><h2 class=\"uagb-image-heading\"><a href=\"https:\/\/refsanglobal.com\/wp-content\/uploads\/2023\/12\/Firmalar-1.pdf\" target=\"_blank\" rel=\"noreferrer noopener\">COMPANIES<\/a><\/h2><\/div><\/figure><\/div>\n<\/div>\n\n\n\n<div class=\"wp-block-uagb-container uagb-block-0acad57b\">\n<div class=\"wp-block-uagb-image aligncenter uagb-block-3e4a9d91 wp-block-uagb-image--layout-overlay wp-block-uagb-image--effect-static wp-block-uagb-image--align-center\"><figure class=\"wp-block-uagb-image__figure\"><a class=\"\" href=\"https:\/\/refsanglobal.com\/wp-content\/uploads\/2023\/12\/Vakif-ve-Dernek.pdf\" target=\"_blank\" rel=\"noreferrer noopener\"><img loading=\"lazy\" decoding=\"async\" srcset=\"https:\/\/refsanglobal.com\/wp-content\/uploads\/2023\/12\/downloaad.png ,https:\/\/refsanglobal.com\/wp-content\/uploads\/2023\/12\/downloaad.png 780w, https:\/\/refsanglobal.com\/wp-content\/uploads\/2023\/12\/downloaad.png 360w\" sizes=\"auto, (max-width: 480px) 150px\" src=\"https:\/\/refsanglobal.com\/wp-content\/uploads\/2023\/12\/downloaad.png\" alt=\"\" class=\"uag-image-8489\" width=\"122\" height=\"41\" title=\"\"\/><\/a><div class=\"wp-block-uagb-image--layout-overlay__color-wrapper\"><\/div><div class=\"wp-block-uagb-image--layout-overlay__inner center-center\"><a class=\"wp-block-uagb-image--layout-overlay-link\" href=\"https:\/\/refsanglobal.com\/wp-content\/uploads\/2023\/12\/Vakif-ve-Dernek.pdf\" target=\"_blank\" rel=\"noreferrer noopener\"><\/a><h2 class=\"uagb-image-heading\"><a href=\"https:\/\/refsanglobal.com\/wp-content\/uploads\/2023\/12\/Vakif-ve-Dernek.pdf\" target=\"_blank\" rel=\"noreferrer noopener\">ASSOCIATIONS AND FOUNDATIONS<\/a><\/h2><\/div><\/figure><\/div>\n<\/div>\n\n\n\n<div class=\"wp-block-uagb-container uagb-block-65699f43\">\n<div class=\"wp-block-uagb-image aligncenter uagb-block-dc75eef8 wp-block-uagb-image--layout-overlay wp-block-uagb-image--effect-static wp-block-uagb-image--align-center\"><figure class=\"wp-block-uagb-image__figure\"><a class=\"\" href=\"https:\/\/refsanglobal.com\/wp-content\/uploads\/2023\/12\/Ihracatlar.pdf\" target=\"_blank\" rel=\"noreferrer noopener\"><img loading=\"lazy\" decoding=\"async\" srcset=\"https:\/\/refsanglobal.com\/wp-content\/uploads\/2023\/12\/414141.png ,https:\/\/refsanglobal.com\/wp-content\/uploads\/2023\/12\/414141.png 780w, https:\/\/refsanglobal.com\/wp-content\/uploads\/2023\/12\/414141.png 360w\" sizes=\"auto, (max-width: 480px) 150px\" src=\"https:\/\/refsanglobal.com\/wp-content\/uploads\/2023\/12\/414141.png\" alt=\"\" class=\"uag-image-8487\" width=\"120\" height=\"40\" title=\"\"\/><\/a><div class=\"wp-block-uagb-image--layout-overlay__color-wrapper\"><\/div><div class=\"wp-block-uagb-image--layout-overlay__inner center-center\"><a class=\"wp-block-uagb-image--layout-overlay-link\" href=\"https:\/\/refsanglobal.com\/wp-content\/uploads\/2023\/12\/Ihracatlar.pdf\" target=\"_blank\" rel=\"noreferrer noopener\"><\/a><h2 class=\"uagb-image-heading\"><a href=\"https:\/\/refsanglobal.com\/wp-content\/uploads\/2023\/12\/Ihracatlar.pdf\" target=\"_blank\" rel=\"noreferrer noopener\">EXPORTS<\/a><\/h2><\/div><\/figure><\/div>\n<\/div>\n\n\n\n<div class=\"wp-block-uagb-container uagb-block-6fd1cb42\">\n<div class=\"wp-block-uagb-image aligncenter uagb-block-d6310213 wp-block-uagb-image--layout-overlay wp-block-uagb-image--effect-static wp-block-uagb-image--align-center\"><figure class=\"wp-block-uagb-image__figure\"><a class=\"\" href=\"https:\/\/refsanglobal.com\/wp-content\/uploads\/2023\/12\/RehabilitasyonMerkezleri.pdf\" target=\"_blank\" rel=\"noreferrer noopener\"><img loading=\"lazy\" decoding=\"async\" srcset=\"https:\/\/refsanglobal.com\/wp-content\/uploads\/2023\/12\/downloa123d.png ,https:\/\/refsanglobal.com\/wp-content\/uploads\/2023\/12\/downloa123d.png 780w, https:\/\/refsanglobal.com\/wp-content\/uploads\/2023\/12\/downloa123d.png 360w\" sizes=\"auto, (max-width: 480px) 150px\" src=\"https:\/\/refsanglobal.com\/wp-content\/uploads\/2023\/12\/downloa123d.png\" alt=\"\" class=\"uag-image-8488\" width=\"119\" height=\"26\" title=\"\"\/><\/a><div class=\"wp-block-uagb-image--layout-overlay__color-wrapper\"><\/div><div class=\"wp-block-uagb-image--layout-overlay__inner center-center\"><a class=\"wp-block-uagb-image--layout-overlay-link\" href=\"https:\/\/refsanglobal.com\/wp-content\/uploads\/2023\/12\/RehabilitasyonMerkezleri.pdf\" target=\"_blank\" rel=\"noreferrer noopener\"><\/a><h2 class=\"uagb-image-heading\"><a href=\"https:\/\/refsanglobal.com\/wp-content\/uploads\/2023\/12\/RehabilitasyonMerkezleri.pdf\" target=\"_blank\" rel=\"noreferrer noopener\">REHABILITATION CENTERS<\/a><\/h2><\/div><\/figure><\/div>\n<\/div>\n<\/div><\/div>\n\n\n\n<div style=\"height:100px\" aria-hidden=\"true\" class=\"wp-block-spacer\"><\/div>\n\n\n\n<div class=\"wp-block-uagb-container uagb-block-bdbda7ee alignfull uagb-is-root-container\"><div class=\"uagb-container-inner-blocks-wrap\">\n<div class=\"wp-block-uagb-container uagb-block-6cd44346\">\n<div class=\"wp-block-uagb-slider uagb-block-b368e474 uagb-slider-container\"><div class=\"uagb-slides uagb-swiper\"><div class=\"swiper-wrapper\">\n<div class=\"wp-block-uagb-slider-child uagb-slider-child-wrap swiper-slide uagb-block-9c60d1e9\"><div class=\"swiper-content\">\n<div class=\"wp-block-uagb-container uagb-block-ea81acf3\">\n<div class=\"wp-block-uagb-info-box uagb-block-28fafc6f uagb-infobox__content-wrap  uagb-infobox-icon-above-title uagb-infobox-image-valign-top\"><div class=\"uagb-ifb-content\"><div class=\"uagb-ifb-image-content\"><img decoding=\"async\" src=\"https:\/\/refsanglobal.com\/wp-content\/uploads\/2023\/12\/1212.webp\" alt=\"\" width=\"\" height=\"0\" loading=\"lazy\"\/><\/div><div class=\"uagb-ifb-title-wrap\"><h2 class=\"uagb-ifb-title\">\u200e<\/h2><\/div><p class=\"uagb-ifb-desc\"><strong>REFSAN's <\/strong>CENTER OFFICE<\/p><\/div><\/div>\n<\/div>\n<\/div><\/div>\n\n\n\n<div class=\"wp-block-uagb-slider-child uagb-slider-child-wrap swiper-slide uagb-block-6d0d6851\"><div class=\"swiper-content\">\n<div class=\"wp-block-uagb-container uagb-block-4e606d57\">\n<div class=\"wp-block-uagb-info-box uagb-block-76694544 uagb-infobox__content-wrap  uagb-infobox-icon-above-title uagb-infobox-image-valign-top\"><div class=\"uagb-ifb-content\"><div class=\"uagb-ifb-image-content\"><img decoding=\"async\" src=\"https:\/\/refsanglobal.com\/wp-content\/uploads\/2024\/01\/Perli.webp\" alt=\"\" width=\"\" height=\"0\" loading=\"lazy\"\/><\/div><div class=\"uagb-ifb-title-wrap\"><h2 class=\"uagb-ifb-title\">\u200e<\/h2><\/div><p class=\"uagb-ifb-desc\"><strong>REFSAN's <\/strong>PERLI STORE<\/p><\/div><\/div>\n<\/div>\n<\/div><\/div>\n<\/div><\/div><div class=\"swiper-pagination\"><\/div><\/div>\n<\/div>\n<\/div><\/div>\n\n\n\n<div class=\"wp-block-uagb-container uagb-block-7cc60e56 alignfull uagb-is-root-container\"><div class=\"uagb-container-inner-blocks-wrap\">\n<div class=\"wp-block-uagb-advanced-heading uagb-block-d465f4b7\"><h2 class=\"uagb-heading-text\"><strong>SHIPMENTS<\/strong><\/h2><\/div>\n\n\n\n<p class=\"has-medium-font-size\"><strong>GEORGIA<\/strong> | <em>RSHA 12.000 &#8211; 1320\u00b0C<\/em><\/p>\n<\/div><\/div>\n\n\n\n<div class=\"wp-block-uagb-container uagb-block-0061a046 alignfull uagb-is-root-container\"><div class=\"uagb-container-inner-blocks-wrap\">\n<div class=\"wp-block-columns is-layout-flex wp-container-core-columns-is-layout-28f84493 wp-block-columns-is-layout-flex\">\n<div class=\"wp-block-column is-layout-flow wp-block-column-is-layout-flow\">\n<div class=\"wp-block-uagb-image uagb-block-39994baa wp-block-uagb-image--layout-default wp-block-uagb-image--effect-static wp-block-uagb-image--align-none\"><figure class=\"wp-block-uagb-image__figure\"><img loading=\"lazy\" decoding=\"async\" srcset=\"https:\/\/refsanglobal.com\/wp-content\/uploads\/2023\/12\/DSC_6644-1024x683-kopya.webp ,https:\/\/refsanglobal.com\/wp-content\/uploads\/2023\/12\/DSC_6644-1024x683-kopya.webp 780w, https:\/\/refsanglobal.com\/wp-content\/uploads\/2023\/12\/DSC_6644-1024x683-kopya.webp 360w\" sizes=\"auto, (max-width: 480px) 150px\" src=\"https:\/\/refsanglobal.com\/wp-content\/uploads\/2023\/12\/DSC_6644-1024x683-kopya.webp\" alt=\"\" class=\"uag-image-8577\" width=\"1024\" height=\"683\" title=\"\"\/><\/figure><\/div>\n<\/div>\n\n\n\n<div class=\"wp-block-column is-layout-flow wp-block-column-is-layout-flow\">\n<div class=\"wp-block-uagb-image uagb-block-476d46b9 wp-block-uagb-image--layout-default wp-block-uagb-image--effect-static wp-block-uagb-image--align-none\"><figure class=\"wp-block-uagb-image__figure\"><img loading=\"lazy\" decoding=\"async\" srcset=\"https:\/\/refsanglobal.com\/wp-content\/uploads\/2023\/12\/DSC_6644s-1024x683-kopya.webp ,https:\/\/refsanglobal.com\/wp-content\/uploads\/2023\/12\/DSC_6644s-1024x683-kopya.webp 780w, https:\/\/refsanglobal.com\/wp-content\/uploads\/2023\/12\/DSC_6644s-1024x683-kopya.webp 360w\" sizes=\"auto, (max-width: 480px) 150px\" src=\"https:\/\/refsanglobal.com\/wp-content\/uploads\/2023\/12\/DSC_6644s-1024x683-kopya.webp\" alt=\"\" class=\"uag-image-8578\" width=\"1024\" height=\"683\" title=\"\"\/><\/figure><\/div>\n<\/div>\n<\/div>\n<\/div><\/div>\n\n\n\n<div class=\"wp-block-uagb-container uagb-block-20b85765 alignfull uagb-is-root-container\"><div class=\"uagb-container-inner-blocks-wrap\">\n<div class=\"wp-block-columns is-layout-flex wp-container-core-columns-is-layout-28f84493 wp-block-columns-is-layout-flex\">\n<div class=\"wp-block-column is-layout-flow wp-block-column-is-layout-flow\">\n<div class=\"wp-block-uagb-separator uagb-block-1538621f\"><div class=\"wp-block-uagb-separator__inner\" style=\"--my-background-image:\"><\/div><\/div>\n\n\n\n<div class=\"wp-block-uagb-image aligncenter uagb-block-37d3af00 wp-block-uagb-image--layout-default wp-block-uagb-image--effect-static wp-block-uagb-image--align-center\"><figure class=\"wp-block-uagb-image__figure\"><img loading=\"lazy\" decoding=\"async\" srcset=\"https:\/\/refsanglobal.com\/wp-content\/uploads\/2023\/12\/DSC_661232144-1024x683-kopya.webp ,https:\/\/refsanglobal.com\/wp-content\/uploads\/2023\/12\/DSC_661232144-1024x683-kopya.webp 780w, https:\/\/refsanglobal.com\/wp-content\/uploads\/2023\/12\/DSC_661232144-1024x683-kopya.webp 360w\" sizes=\"auto, (max-width: 480px) 150px\" src=\"https:\/\/refsanglobal.com\/wp-content\/uploads\/2023\/12\/DSC_661232144-1024x683-kopya.webp\" alt=\"\" class=\"uag-image-8580\" width=\"1200\" height=\"800\" title=\"\"\/><\/figure><\/div>\n<\/div>\n<\/div>\n<\/div><\/div>\n\n\n\n<div style=\"height:60px\" aria-hidden=\"true\" class=\"wp-block-spacer\"><\/div>","protected":false},"excerpt":{"rendered":"<p>REFERANSLAR SEVK\u0130YATLARIMIZ G\u00dcRC\u0130STAN | RSHA 12.000 &#8211; 1320\u00b0C<\/p>","protected":false},"author":2,"featured_media":0,"parent":0,"menu_order":0,"comment_status":"closed","ping_status":"closed","template":"","meta":{"_eb_attr":"","_uag_custom_page_level_css":"","site-sidebar-layout":"default","site-content-layout":"","ast-site-content-layout":"default","site-content-style":"default","site-sidebar-style":"default","ast-global-header-display":"","ast-banner-title-visibility":"","ast-main-header-display":"","ast-hfb-above-header-display":"","ast-hfb-below-header-display":"","ast-hfb-mobile-header-display":"","site-post-title":"disabled","ast-breadcrumbs-content":"","ast-featured-img":"","footer-sml-layout":"","theme-transparent-header-meta":"","adv-header-id-meta":"","stick-header-meta":"","header-above-stick-meta":"","header-main-stick-meta":"","header-below-stick-meta":"","astra-migrate-meta-layouts":"set","ast-page-background-enabled":"default","ast-page-background-meta":{"desktop":{"background-color":"","background-image":"","background-repeat":"repeat","background-position":"center center","background-size":"auto","background-attachment":"scroll","background-type":"","background-media":"","overlay-type":"","overlay-color":"","overlay-opacity":"","overlay-gradient":""},"tablet":{"background-color":"","background-image":"","background-repeat":"repeat","background-position":"center center","background-size":"auto","background-attachment":"scroll","background-type":"","background-media":"","overlay-type":"","overlay-color":"","overlay-opacity":"","overlay-gradient":""},"mobile":{"background-color":"","background-image":"","background-repeat":"repeat","background-position":"center center","background-size":"auto","background-attachment":"scroll","background-type":"","background-media":"","overlay-type":"","overlay-color":"","overlay-opacity":"","overlay-gradient":""}},"ast-content-background-meta":{"desktop":{"background-color":"var(--ast-global-color-5)","background-image":"","background-repeat":"repeat","background-position":"center center","background-size":"auto","background-attachment":"scroll","background-type":"","background-media":"","overlay-type":"","overlay-color":"","overlay-opacity":"","overlay-gradient":""},"tablet":{"background-color":"var(--ast-global-color-5)","background-image":"","background-repeat":"repeat","background-position":"center center","background-size":"auto","background-attachment":"scroll","background-type":"","background-media":"","overlay-type":"","overlay-color":"","overlay-opacity":"","overlay-gradient":""},"mobile":{"background-color":"var(--ast-global-color-5)","background-image":"","background-repeat":"repeat","background-position":"center center","background-size":"auto","background-attachment":"scroll","background-type":"","background-media":"","overlay-type":"","overlay-color":"","overlay-opacity":"","overlay-gradient":""}},"footnotes":""},"class_list":["post-8481","page","type-page","status-publish","hentry"],"uagb_featured_image_src":{"full":false,"thumbnail":false,"medium":false,"medium_large":false,"large":false,"1536x1536":false,"2048x2048":false,"trp-custom-language-flag":false,"woocommerce_thumbnail":false,"woocommerce_single":false,"woocommerce_gallery_thumbnail":false},"uagb_author_info":{"display_name":"G\u00fcney S\u00fcr\u00fcc\u00fco\u011flu","author_link":"https:\/\/refsanglobal.com\/en\/author\/guney\/"},"uagb_comment_info":0,"uagb_excerpt":"REFERANSLAR SEVK\u0130YATLARIMIZ G\u00dcRC\u0130STAN | RSHA 12.000 &#8211; 1320\u00b0C","_links":{"self":[{"href":"https:\/\/refsanglobal.com\/en\/wp-json\/wp\/v2\/pages\/8481","targetHints":{"allow":["GET"]}}],"collection":[{"href":"https:\/\/refsanglobal.com\/en\/wp-json\/wp\/v2\/pages"}],"about":[{"href":"https:\/\/refsanglobal.com\/en\/wp-json\/wp\/v2\/types\/page"}],"author":[{"embeddable":true,"href":"https:\/\/refsanglobal.com\/en\/wp-json\/wp\/v2\/users\/2"}],"replies":[{"embeddable":true,"href":"https:\/\/refsanglobal.com\/en\/wp-json\/wp\/v2\/comments?post=8481"}],"version-history":[{"count":34,"href":"https:\/\/refsanglobal.com\/en\/wp-json\/wp\/v2\/pages\/8481\/revisions"}],"predecessor-version":[{"id":10086,"href":"https:\/\/refsanglobal.com\/en\/wp-json\/wp\/v2\/pages\/8481\/revisions\/10086"}],"wp:attachment":[{"href":"https:\/\/refsanglobal.com\/en\/wp-json\/wp\/v2\/media?parent=8481"}],"curies":[{"name":"wp","href":"https:\/\/api.w.org\/{rel}","templated":true}]}}