{"id":2657,"date":"2023-08-11T10:51:59","date_gmt":"2023-08-11T10:51:59","guid":{"rendered":"http:\/\/refsanglobal.com\/?post_type=product&#038;p=2657"},"modified":"2023-08-18T11:38:21","modified_gmt":"2023-08-18T11:38:21","slug":"rs1000-seramik-firini","status":"publish","type":"product","link":"https:\/\/refsanglobal.com\/en\/magaza\/endustriyel-makineler\/rs1000-seramik-firini\/","title":{"rendered":"RS1000 SERAM\u0130K FIRINI"},"content":{"rendered":"<p><strong>REFSAN RS1000 ISIL \u0130\u015eLEM \/ TAVLAMA FIRINI<\/strong><\/p>\n<p><strong>\u00dcr\u00fcn \u00d6zellikleri<\/strong><br \/>\nHeating elements are installed on both sides and at the base and are positioned on the Ceramic Pipe.<br \/>\nAs a result of adaptive wire calculations, the long life of the heating elements is ensured.<br \/>\n\u015ealt i\u015flemlerinin h\u0131zl\u0131 ritimle\u015fmeleri sonucu olarak hassas \u0131s\u0131 gidi\u015fat\u0131 sa\u011flanmaktad\u0131r.<br \/>\nD\u00fc\u015f\u00fck d\u0131\u015f \u0131s\u0131 derecelerine sahip \u00e7ift kapl\u0131 kapak.<br \/>\nZorunlu ay\u0131rma \u00f6zellikli kapak temas \u015falteri.<br \/>\nF\u0131r\u0131n haznesinde hafif ate\u015f tu\u011flalar\u0131 ile yal\u0131t\u0131m donan\u0131m\u0131 ve d\u00fc\u015f\u00fck elektrik t\u00fcketimi i\u00e7in \u00f6zel arka k\u0131s\u0131m tecrit donan\u0131m\u0131<br \/>\nF\u0131r\u0131n i\u00e7i 6 y\u00fczey komple Al\u00fcmina Tu\u011fla,\u00a0<strong>F\u0131r\u0131n i\u00e7erisinde kesinlikle kanserojen malzeme i\u00e7eren\u00a0fiber kullan\u0131lmamaktad\u0131r.<\/strong><br \/>\nK\u0131sa so\u011fuma s\u00fcreleri i\u00e7in kademesiz olarak ayarlanabilen hava besleme ve tahliye yeri.<br \/>\nHava tahliye yeri f\u0131r\u0131n \u00fczerinde<br \/>\nF\u0131r\u0131n panosu muhafazal\u0131 durumdad\u0131r.<br \/>\n<strong>Dijital RF800\/850\/860 Programat\u00f6r \u00d6zellikleri :<\/strong><br \/>\n\u0130stenilen g\u00fcn ve saatte otomatik \u00e7al\u0131\u015ft\u0131rma<br \/>\nElektrik kesintilerinde otomatik kendini devreye alma<br \/>\n5 Program + Her program i\u00e7inde 15 ad\u0131m bulunmaktad\u0131r<br \/>\nSon 8 yak\u0131m\u0131n raporunu inceleyebilme<br \/>\nTarih, Zaman, Kullan\u0131lan Program ve Toplam Ad\u0131m Say\u0131s\u0131, \u00c7al\u0131\u015f\u0131rken o anki Ad\u0131m, Ayarlanan Ad\u0131m\u0131n Set De\u011feri, O set de\u011ferine Ayarlanan Zaman, Start \/ Stop Durumu, O anki S\u0131cakl\u0131k ve Program\u0131n bitmesine kadar olan Kalan Zaman ekran \u00fczerinde g\u00f6r\u00fcl\u00fcr.<\/p>\n<p>&nbsp;<\/p>\n<p><b>Not:<br \/>\n<\/b>F\u0131r\u0131n\u0131n konulaca\u011f\u0131 yer ve kurulum i\u00e7in gerekli olacak geni\u015fli\u011fi \u00f6nceden taraf\u0131n\u0131zca ayarlanmal\u0131d\u0131r<br \/>\nElektrik hatt\u0131 i\u00e7in gerekli olacak kablo, sigorta vs. firmam\u0131z taraf\u0131ndan bildirilir, f\u0131r\u0131n tesliminden \u00f6nce kurulaca\u011f\u0131 yer ve elektrik ba\u011flant\u0131lar\u0131 f\u0131r\u0131na ve panoya kadar haz\u0131rlanmal\u0131d\u0131r.<br \/>\n<strong>Nakliye ve Kurulum<br \/>\n<\/strong>Nakliye al\u0131c\u0131 taraf\u0131ndan yap\u0131lacakt\u0131r. Refsan taraf\u0131ndan sa\u011flanmas\u0131 istenilirse kar\u015f\u0131l\u0131kl\u0131 g\u00f6r\u00fc\u015f\u00fclecektir.<br \/>\nNakliye m\u00fc\u015fteri taraf\u0131ndan organize edilecekse\u00a0sigorta yapt\u0131r\u0131lmas\u0131 \u00f6nerilir.<br \/>\n\u0130ndirme i\u015flemi s\u0131ras\u0131nda ihtiya\u00e7 olacak olan vin\u00e7 veya forklift\u00a0<strong>al\u0131c\u0131\u00a0<\/strong>taraf\u0131ndan kar\u015f\u0131lanacakt\u0131r.<br \/>\n\u0130ndirme i\u015flemi\u00a0Refsan arac\u0131 ile yap\u0131lacaksa arkas\u0131nda lift olmas\u0131ndan dolay\u0131 a\u015fa\u011f\u0131ya indirilmesi i\u00e7in forklift ya da vin\u00e7 ihtiyac\u0131 yoktur.<\/p>","protected":false},"excerpt":{"rendered":"<p>REFSAN RS1000 ISIL \u0130\u015eLEM \/ TAVLAMA FIRINI \u00dcr\u00fcn \u00d6zellikleri Is\u0131tma elemanlar\u0131 her iki tarafta ve tabanda tesis edilmi\u015f olup, Seramik Boru \u00fczerine konumland\u0131r\u0131lm\u0131\u015ft\u0131r. Uyarlamal\u0131 tel hesaplamalar\u0131 sonucu olarak \u0131s\u0131tma elemanlar\u0131n\u0131n uzun \u00f6mr\u00fc temin edilmi\u015ftir. \u015ealt i\u015flemlerinin h\u0131zl\u0131 ritimle\u015fmeleri sonucu olarak hassas \u0131s\u0131 gidi\u015fat\u0131 sa\u011flanmaktad\u0131r. D\u00fc\u015f\u00fck d\u0131\u015f \u0131s\u0131 derecelerine sahip \u00e7ift kapl\u0131 kapak. Zorunlu ay\u0131rma \u00f6zellikli [&hellip;]<\/p>\n","protected":false},"featured_media":0,"template":"","meta":{"_eb_attr":"","_uag_custom_page_level_css":"","site-sidebar-layout":"default","site-content-layout":"default","ast-site-content-layout":"","site-content-style":"default","site-sidebar-style":"default","ast-global-header-display":"","ast-banner-title-visibility":"","ast-main-header-display":"","ast-hfb-above-header-display":"","ast-hfb-below-header-display":"","ast-hfb-mobile-header-display":"","site-post-title":"","ast-breadcrumbs-content":"","ast-featured-img":"","footer-sml-layout":"","theme-transparent-header-meta":"default","adv-header-id-meta":"","stick-header-meta":"","header-above-stick-meta":"","header-main-stick-meta":"","header-below-stick-meta":"","astra-migrate-meta-layouts":"default","ast-page-background-enabled":"default","ast-page-background-meta":{"desktop":{"background-color":"","background-image":"","background-repeat":"repeat","background-position":"center center","background-size":"auto","background-attachment":"scroll","background-type":"","background-media":"","overlay-type":"","overlay-color":"","overlay-opacity":"","overlay-gradient":""},"tablet":{"background-color":"","background-image":"","background-repeat":"repeat","background-position":"center center","background-size":"auto","background-attachment":"scroll","background-type":"","background-media":"","overlay-type":"","overlay-color":"","overlay-opacity":"","overlay-gradient":""},"mobile":{"background-color":"","background-image":"","background-repeat":"repeat","background-position":"center center","background-size":"auto","background-attachment":"scroll","background-type":"","background-media":"","overlay-type":"","overlay-color":"","overlay-opacity":"","overlay-gradient":""}},"ast-content-background-meta":{"desktop":{"background-color":"var(--ast-global-color-5)","background-image":"","background-repeat":"repeat","background-position":"center center","background-size":"auto","background-attachment":"scroll","background-type":"","background-media":"","overlay-type":"","overlay-color":"","overlay-opacity":"","overlay-gradient":""},"tablet":{"background-color":"var(--ast-global-color-5)","background-image":"","background-repeat":"repeat","background-position":"center center","background-size":"auto","background-attachment":"scroll","background-type":"","background-media":"","overlay-type":"","overlay-color":"","overlay-opacity":"","overlay-gradient":""},"mobile":{"background-color":"var(--ast-global-color-5)","background-image":"","background-repeat":"repeat","background-position":"center center","background-size":"auto","background-attachment":"scroll","background-type":"","background-media":"","overlay-type":"","overlay-color":"","overlay-opacity":"","overlay-gradient":""}}},"product_brand":[],"product_cat":[33],"product_tag":[],"class_list":{"0":"post-2657","1":"product","2":"type-product","3":"status-publish","5":"product_cat-endustriyel-makineler","6":"desktop-align-center","7":"tablet-align-left","8":"mobile-align-left","10":"first","11":"instock","12":"shipping-taxable","13":"product-type-simple"},"uagb_featured_image_src":{"full":false,"thumbnail":false,"medium":false,"medium_large":false,"large":false,"1536x1536":false,"2048x2048":false,"trp-custom-language-flag":false,"woocommerce_thumbnail":false,"woocommerce_single":false,"woocommerce_gallery_thumbnail":false},"uagb_author_info":{"display_name":"G\u00fcney S\u00fcr\u00fcc\u00fco\u011flu","author_link":"https:\/\/refsanglobal.com\/en\/author\/"},"uagb_comment_info":0,"uagb_excerpt":"REFSAN RS1000 ISIL \u0130\u015eLEM \/ TAVLAMA FIRINI \u00dcr\u00fcn \u00d6zellikleri Is\u0131tma elemanlar\u0131 her iki tarafta ve tabanda tesis edilmi\u015f olup, Seramik Boru \u00fczerine konumland\u0131r\u0131lm\u0131\u015ft\u0131r. Uyarlamal\u0131 tel hesaplamalar\u0131 sonucu olarak \u0131s\u0131tma elemanlar\u0131n\u0131n uzun \u00f6mr\u00fc temin edilmi\u015ftir. \u015ealt i\u015flemlerinin h\u0131zl\u0131 ritimle\u015fmeleri sonucu olarak hassas \u0131s\u0131 gidi\u015fat\u0131 sa\u011flanmaktad\u0131r. D\u00fc\u015f\u00fck d\u0131\u015f \u0131s\u0131 derecelerine sahip \u00e7ift kapl\u0131 kapak. Zorunlu ay\u0131rma \u00f6zellikli&hellip;","_links":{"self":[{"href":"https:\/\/refsanglobal.com\/en\/wp-json\/wp\/v2\/product\/2657","targetHints":{"allow":["GET"]}}],"collection":[{"href":"https:\/\/refsanglobal.com\/en\/wp-json\/wp\/v2\/product"}],"about":[{"href":"https:\/\/refsanglobal.com\/en\/wp-json\/wp\/v2\/types\/product"}],"wp:attachment":[{"href":"https:\/\/refsanglobal.com\/en\/wp-json\/wp\/v2\/media?parent=2657"}],"wp:term":[{"taxonomy":"product_brand","embeddable":true,"href":"https:\/\/refsanglobal.com\/en\/wp-json\/wp\/v2\/product_brand?post=2657"},{"taxonomy":"product_cat","embeddable":true,"href":"https:\/\/refsanglobal.com\/en\/wp-json\/wp\/v2\/product_cat?post=2657"},{"taxonomy":"product_tag","embeddable":true,"href":"https:\/\/refsanglobal.com\/en\/wp-json\/wp\/v2\/product_tag?post=2657"}],"curies":[{"name":"wp","href":"https:\/\/api.w.org\/{rel}","templated":true}]}}